{"id":455,"date":"2024-03-25T17:02:21","date_gmt":"2024-03-25T20:02:21","guid":{"rendered":"https:\/\/escolanacionaldepericias.org.br\/loja\/?post_type=product&#038;p=455"},"modified":"2024-04-04T19:58:15","modified_gmt":"2024-04-04T22:58:15","slug":"curso-fundamentos-basicos-da-pericia-em-locais-de-crime-copia","status":"publish","type":"product","link":"https:\/\/escolanacionaldepericias.org.br\/loja\/product\/curso-fundamentos-basicos-da-pericia-em-locais-de-crime-copia\/","title":{"rendered":"Curso Fundamentos b\u00e1sicos da Per\u00edcia em Locais de Crime"},"content":{"rendered":"<p>Aprenda com o renomado Perito Criminal Federal Dr. Jesus Ant\u00f4nio Velho sobre a import\u00e2ncia crucial da preserva\u00e7\u00e3o e coleta de vest\u00edgios no local do crime, determinando o sucesso da investiga\u00e7\u00e3o criminal.<\/p>\n<p><b style=\"font-family: -apple-system, BlinkMacSystemFont, 'Segoe UI', Roboto, 'Helvetica Neue', Arial, 'Noto Sans', 'Liberation Sans', sans-serif, 'Apple Color Emoji', 'Segoe UI Emoji', 'Segoe UI Symbol', 'Noto Color Emoji'; font-size: 1rem;\"><span style=\"font-family: -apple-system, BlinkMacSystemFont, 'Segoe UI', Roboto, 'Helvetica Neue', Arial, 'Noto Sans', 'Liberation Sans', sans-serif, 'Apple Color Emoji', 'Segoe UI Emoji', 'Segoe UI Symbol', 'Noto Color Emoji'; font-size: 1rem; font-weight: 400;\"><strong>Carga hor\u00e1ria<\/strong>:<\/span><span style=\"font-family: -apple-system, BlinkMacSystemFont, 'Segoe UI', Roboto, 'Helvetica Neue', Arial, 'Noto Sans', 'Liberation Sans', sans-serif, 'Apple Color Emoji', 'Segoe UI Emoji', 'Segoe UI Symbol', 'Noto Color Emoji'; font-size: 1rem; font-weight: 400;\">\u00a020 horas\/aula<br \/>\n<\/span><\/b><span style=\"font-family: -apple-system, BlinkMacSystemFont, 'Segoe UI', Roboto, 'Helvetica Neue', Arial, 'Noto Sans', 'Liberation Sans', sans-serif, 'Apple Color Emoji', 'Segoe UI Emoji', 'Segoe UI Symbol', 'Noto Color Emoji'; font-size: 1rem;\"><strong>Modalidade<\/strong>:<\/span><span style=\"font-family: -apple-system, BlinkMacSystemFont, 'Segoe UI', Roboto, 'Helvetica Neue', Arial, 'Noto Sans', 'Liberation Sans', sans-serif, 'Apple Color Emoji', 'Segoe UI Emoji', 'Segoe UI Symbol', 'Noto Color Emoji'; font-size: 1rem;\">\u00a0Ao vivo<br \/>\n<\/span><span style=\"font-family: -apple-system, BlinkMacSystemFont, 'Segoe UI', Roboto, 'Helvetica Neue', Arial, 'Noto Sans', 'Liberation Sans', sans-serif, 'Apple Color Emoji', 'Segoe UI Emoji', 'Segoe UI Symbol', 'Noto Color Emoji'; font-size: 1rem;\"><strong>N\u00famero de Vagas<\/strong>:<\/span><span style=\"font-family: -apple-system, BlinkMacSystemFont, 'Segoe UI', Roboto, 'Helvetica Neue', Arial, 'Noto Sans', 'Liberation Sans', sans-serif, 'Apple Color Emoji', 'Segoe UI Emoji', 'Segoe UI Symbol', 'Noto Color Emoji'; font-size: 1rem;\">\u00a050<br \/>\n<\/span><span style=\"font-family: -apple-system, BlinkMacSystemFont, 'Segoe UI', Roboto, 'Helvetica Neue', Arial, 'Noto Sans', 'Liberation Sans', sans-serif, 'Apple Color Emoji', 'Segoe UI Emoji', 'Segoe UI Symbol', 'Noto Color Emoji'; font-size: 1rem;\"><strong>Professor<\/strong>:\u00a0\u00a0<\/span><span style=\"font-family: -apple-system, BlinkMacSystemFont, 'Segoe UI', Roboto, 'Helvetica Neue', Arial, 'Noto Sans', 'Liberation Sans', sans-serif, 'Apple Color Emoji', 'Segoe UI Emoji', 'Segoe UI Symbol', 'Noto Color Emoji'; font-size: 1rem;\"><strong>Dr. Jesus Antonio Velho<\/strong><br \/>\n<\/span><span style=\"font-family: -apple-system, BlinkMacSystemFont, 'Segoe UI', Roboto, 'Helvetica Neue', Arial, 'Noto Sans', 'Liberation Sans', sans-serif, 'Apple Color Emoji', 'Segoe UI Emoji', 'Segoe UI Symbol', 'Noto Color Emoji'; font-size: 1rem;\"><strong>Investimento<\/strong>:\u00a0<\/span><span style=\"font-family: -apple-system, BlinkMacSystemFont, 'Segoe UI', Roboto, 'Helvetica Neue', Arial, 'Noto Sans', 'Liberation Sans', sans-serif, 'Apple Color Emoji', 'Segoe UI Emoji', 'Segoe UI Symbol', 'Noto Color Emoji'; font-size: 1rem;\">R$ 600,00<\/span><\/p>\n<p><a href=\"https:\/\/api.whatsapp.com\/send?phone=5561998252024\" target=\"_blank\" rel=\"noopener\"><img decoding=\"async\" class=\"alignnone size-medium wp-image-530\" src=\"https:\/\/escolanacionaldepericias.org.br\/loja\/wp-content\/uploads\/2024\/03\/botaCC83o-whatsapp-do-prime-gourmet-1-2-300x104.webp\" alt=\"\" width=\"300\" height=\"104\" srcset=\"https:\/\/escolanacionaldepericias.org.br\/loja\/wp-content\/uploads\/2024\/03\/botaCC83o-whatsapp-do-prime-gourmet-1-2-300x104.webp 300w, https:\/\/escolanacionaldepericias.org.br\/loja\/wp-content\/uploads\/2024\/03\/botaCC83o-whatsapp-do-prime-gourmet-1-2-600x208.webp 600w, https:\/\/escolanacionaldepericias.org.br\/loja\/wp-content\/uploads\/2024\/03\/botaCC83o-whatsapp-do-prime-gourmet-1-2.webp 664w\" sizes=\"(max-width: 300px) 100vw, 300px\" \/><\/a><\/p>\n<p><span style=\"font-size: x-small;\">Conforme a pol\u00edtica de cancelamento, o prazo para desist\u00eancia e reembolso integral do valor pago \u00e9 de at\u00e9 07 dias ap\u00f3s a compra, e dever\u00e1 ser formulada mediante e-mail enviado para financeiro@escolanacionaldepericias.org.br. Ap\u00f3s este prazo, n\u00e3o haver\u00e1 cancelamento somente troca de titularidade.<\/span><\/p>\n","protected":false},"excerpt":{"rendered":"<p>Aprenda com o renomado Perito Criminal Federal Dr. Jesus Ant\u00f4nio Velho sobre a import\u00e2ncia crucial da preserva\u00e7\u00e3o e coleta de vest\u00edgios no local do crime, determinando o sucesso da investiga\u00e7\u00e3o criminal. Carga hor\u00e1ria:\u00a020 horas\/aula Modalidade:\u00a0Ao vivo N\u00famero de Vagas:\u00a050 Professor:\u00a0\u00a0Dr. Jesus Antonio Velho Investimento:\u00a0R$ 600,00 Conforme a pol\u00edtica de cancelamento, o prazo para desist\u00eancia e [&hellip;]<\/p>\n","protected":false},"featured_media":1445,"comment_status":"open","ping_status":"closed","template":"","meta":{"_acf_changed":false},"product_brand":[],"product_cat":[15],"product_tag":[],"class_list":{"0":"post-455","1":"product","2":"type-product","3":"status-publish","4":"has-post-thumbnail","6":"product_cat-cursos","8":"first","9":"outofstock","10":"virtual","11":"purchasable","12":"product-type-simple"},"acf":[],"yoast_head":"<!-- This site is optimized with the Yoast SEO plugin v25.0 - https:\/\/yoast.com\/wordpress\/plugins\/seo\/ -->\n<title>Curso Fundamentos b\u00e1sicos da Per\u00edcia em Locais de Crime - Escola Nacional de Per\u00edcias<\/title>\n<meta name=\"robots\" content=\"index, follow, max-snippet:-1, max-image-preview:large, max-video-preview:-1\" \/>\n<link rel=\"canonical\" href=\"https:\/\/escolanacionaldepericias.org.br\/loja\/product\/curso-fundamentos-basicos-da-pericia-em-locais-de-crime-copia\/\" \/>\n<meta property=\"og:locale\" content=\"pt_BR\" \/>\n<meta property=\"og:type\" content=\"article\" \/>\n<meta property=\"og:title\" content=\"Curso Fundamentos b\u00e1sicos da Per\u00edcia em Locais de Crime - Escola Nacional de Per\u00edcias\" \/>\n<meta property=\"og:description\" content=\"Aprenda com o renomado Perito Criminal Federal Dr. Jesus Ant\u00f4nio Velho sobre a import\u00e2ncia crucial da preserva\u00e7\u00e3o e coleta de vest\u00edgios no local do crime, determinando o sucesso da investiga\u00e7\u00e3o criminal. Carga hor\u00e1ria:\u00a020 horas\/aula Modalidade:\u00a0Ao vivo N\u00famero de Vagas:\u00a050 Professor:\u00a0\u00a0Dr. Jesus Antonio Velho Investimento:\u00a0R$ 600,00 Conforme a pol\u00edtica de cancelamento, o prazo para desist\u00eancia e [&hellip;]\" \/>\n<meta property=\"og:url\" content=\"https:\/\/escolanacionaldepericias.org.br\/loja\/product\/curso-fundamentos-basicos-da-pericia-em-locais-de-crime-copia\/\" \/>\n<meta property=\"og:site_name\" content=\"Escola Nacional de Per\u00edcias\" \/>\n<meta property=\"article:modified_time\" content=\"2024-04-04T22:58:15+00:00\" \/>\n<meta property=\"og:image\" content=\"https:\/\/escolanacionaldepericias.org.br\/loja\/wp-content\/uploads\/2024\/03\/PHOTO-2024-04-04-19-51-30.jpg\" \/>\n\t<meta property=\"og:image:width\" content=\"1080\" \/>\n\t<meta property=\"og:image:height\" content=\"1350\" \/>\n\t<meta property=\"og:image:type\" content=\"image\/jpeg\" \/>\n<meta name=\"twitter:card\" content=\"summary_large_image\" \/>\n<meta name=\"twitter:label1\" content=\"Est. tempo de leitura\" \/>\n\t<meta name=\"twitter:data1\" content=\"1 minuto\" \/>\n<script type=\"application\/ld+json\" class=\"yoast-schema-graph\">{\"@context\":\"https:\/\/schema.org\",\"@graph\":[{\"@type\":\"WebPage\",\"@id\":\"https:\/\/escolanacionaldepericias.org.br\/loja\/product\/curso-fundamentos-basicos-da-pericia-em-locais-de-crime-copia\/\",\"url\":\"https:\/\/escolanacionaldepericias.org.br\/loja\/product\/curso-fundamentos-basicos-da-pericia-em-locais-de-crime-copia\/\",\"name\":\"Curso Fundamentos b\u00e1sicos da Per\u00edcia em Locais de Crime - Escola Nacional de Per\u00edcias\",\"isPartOf\":{\"@id\":\"https:\/\/escolanacionaldepericias.org.br\/loja\/#website\"},\"primaryImageOfPage\":{\"@id\":\"https:\/\/escolanacionaldepericias.org.br\/loja\/product\/curso-fundamentos-basicos-da-pericia-em-locais-de-crime-copia\/#primaryimage\"},\"image\":{\"@id\":\"https:\/\/escolanacionaldepericias.org.br\/loja\/product\/curso-fundamentos-basicos-da-pericia-em-locais-de-crime-copia\/#primaryimage\"},\"thumbnailUrl\":\"https:\/\/escolanacionaldepericias.org.br\/loja\/wp-content\/uploads\/2024\/03\/PHOTO-2024-04-04-19-51-30.jpg\",\"datePublished\":\"2024-03-25T20:02:21+00:00\",\"dateModified\":\"2024-04-04T22:58:15+00:00\",\"breadcrumb\":{\"@id\":\"https:\/\/escolanacionaldepericias.org.br\/loja\/product\/curso-fundamentos-basicos-da-pericia-em-locais-de-crime-copia\/#breadcrumb\"},\"inLanguage\":\"pt-BR\",\"potentialAction\":[{\"@type\":\"ReadAction\",\"target\":[\"https:\/\/escolanacionaldepericias.org.br\/loja\/product\/curso-fundamentos-basicos-da-pericia-em-locais-de-crime-copia\/\"]}]},{\"@type\":\"ImageObject\",\"inLanguage\":\"pt-BR\",\"@id\":\"https:\/\/escolanacionaldepericias.org.br\/loja\/product\/curso-fundamentos-basicos-da-pericia-em-locais-de-crime-copia\/#primaryimage\",\"url\":\"https:\/\/escolanacionaldepericias.org.br\/loja\/wp-content\/uploads\/2024\/03\/PHOTO-2024-04-04-19-51-30.jpg\",\"contentUrl\":\"https:\/\/escolanacionaldepericias.org.br\/loja\/wp-content\/uploads\/2024\/03\/PHOTO-2024-04-04-19-51-30.jpg\",\"width\":1080,\"height\":1350},{\"@type\":\"BreadcrumbList\",\"@id\":\"https:\/\/escolanacionaldepericias.org.br\/loja\/product\/curso-fundamentos-basicos-da-pericia-em-locais-de-crime-copia\/#breadcrumb\",\"itemListElement\":[{\"@type\":\"ListItem\",\"position\":1,\"name\":\"In\u00edcio\",\"item\":\"https:\/\/escolanacionaldepericias.org.br\/loja\/\"},{\"@type\":\"ListItem\",\"position\":2,\"name\":\"Produtos\",\"item\":\"https:\/\/escolanacionaldepericias.org.br\/loja\/elementor-loop-item\/257-revision-v1\/\"},{\"@type\":\"ListItem\",\"position\":3,\"name\":\"Curso Fundamentos b\u00e1sicos da Per\u00edcia em Locais de Crime\"}]},{\"@type\":\"WebSite\",\"@id\":\"https:\/\/escolanacionaldepericias.org.br\/loja\/#website\",\"url\":\"https:\/\/escolanacionaldepericias.org.br\/loja\/\",\"name\":\"Escola Nacional de Per\u00edcias\",\"description\":\"\",\"publisher\":{\"@id\":\"https:\/\/escolanacionaldepericias.org.br\/loja\/#organization\"},\"potentialAction\":[{\"@type\":\"SearchAction\",\"target\":{\"@type\":\"EntryPoint\",\"urlTemplate\":\"https:\/\/escolanacionaldepericias.org.br\/loja\/?s={search_term_string}\"},\"query-input\":{\"@type\":\"PropertyValueSpecification\",\"valueRequired\":true,\"valueName\":\"search_term_string\"}}],\"inLanguage\":\"pt-BR\"},{\"@type\":\"Organization\",\"@id\":\"https:\/\/escolanacionaldepericias.org.br\/loja\/#organization\",\"name\":\"Escola Nacional de Per\u00edcias\",\"url\":\"https:\/\/escolanacionaldepericias.org.br\/loja\/\",\"logo\":{\"@type\":\"ImageObject\",\"inLanguage\":\"pt-BR\",\"@id\":\"https:\/\/escolanacionaldepericias.org.br\/loja\/#\/schema\/logo\/image\/\",\"url\":\"https:\/\/escolanacionaldepericias.org.br\/loja\/wp-content\/uploads\/2024\/02\/logohorizonte.png\",\"contentUrl\":\"https:\/\/escolanacionaldepericias.org.br\/loja\/wp-content\/uploads\/2024\/02\/logohorizonte.png\",\"width\":708,\"height\":352,\"caption\":\"Escola Nacional de Per\u00edcias\"},\"image\":{\"@id\":\"https:\/\/escolanacionaldepericias.org.br\/loja\/#\/schema\/logo\/image\/\"}}]}<\/script>\n<!-- \/ Yoast SEO plugin. -->","yoast_head_json":{"title":"Curso Fundamentos b\u00e1sicos da Per\u00edcia em Locais de Crime - Escola Nacional de Per\u00edcias","robots":{"index":"index","follow":"follow","max-snippet":"max-snippet:-1","max-image-preview":"max-image-preview:large","max-video-preview":"max-video-preview:-1"},"canonical":"https:\/\/escolanacionaldepericias.org.br\/loja\/product\/curso-fundamentos-basicos-da-pericia-em-locais-de-crime-copia\/","og_locale":"pt_BR","og_type":"article","og_title":"Curso Fundamentos b\u00e1sicos da Per\u00edcia em Locais de Crime - Escola Nacional de Per\u00edcias","og_description":"Aprenda com o renomado Perito Criminal Federal Dr. Jesus Ant\u00f4nio Velho sobre a import\u00e2ncia crucial da preserva\u00e7\u00e3o e coleta de vest\u00edgios no local do crime, determinando o sucesso da investiga\u00e7\u00e3o criminal. Carga hor\u00e1ria:\u00a020 horas\/aula Modalidade:\u00a0Ao vivo N\u00famero de Vagas:\u00a050 Professor:\u00a0\u00a0Dr. Jesus Antonio Velho Investimento:\u00a0R$ 600,00 Conforme a pol\u00edtica de cancelamento, o prazo para desist\u00eancia e [&hellip;]","og_url":"https:\/\/escolanacionaldepericias.org.br\/loja\/product\/curso-fundamentos-basicos-da-pericia-em-locais-de-crime-copia\/","og_site_name":"Escola Nacional de Per\u00edcias","article_modified_time":"2024-04-04T22:58:15+00:00","og_image":[{"width":1080,"height":1350,"url":"https:\/\/escolanacionaldepericias.org.br\/loja\/wp-content\/uploads\/2024\/03\/PHOTO-2024-04-04-19-51-30.jpg","type":"image\/jpeg"}],"twitter_card":"summary_large_image","twitter_misc":{"Est. tempo de leitura":"1 minuto"},"schema":{"@context":"https:\/\/schema.org","@graph":[{"@type":"WebPage","@id":"https:\/\/escolanacionaldepericias.org.br\/loja\/product\/curso-fundamentos-basicos-da-pericia-em-locais-de-crime-copia\/","url":"https:\/\/escolanacionaldepericias.org.br\/loja\/product\/curso-fundamentos-basicos-da-pericia-em-locais-de-crime-copia\/","name":"Curso Fundamentos b\u00e1sicos da Per\u00edcia em Locais de Crime - Escola Nacional de Per\u00edcias","isPartOf":{"@id":"https:\/\/escolanacionaldepericias.org.br\/loja\/#website"},"primaryImageOfPage":{"@id":"https:\/\/escolanacionaldepericias.org.br\/loja\/product\/curso-fundamentos-basicos-da-pericia-em-locais-de-crime-copia\/#primaryimage"},"image":{"@id":"https:\/\/escolanacionaldepericias.org.br\/loja\/product\/curso-fundamentos-basicos-da-pericia-em-locais-de-crime-copia\/#primaryimage"},"thumbnailUrl":"https:\/\/escolanacionaldepericias.org.br\/loja\/wp-content\/uploads\/2024\/03\/PHOTO-2024-04-04-19-51-30.jpg","datePublished":"2024-03-25T20:02:21+00:00","dateModified":"2024-04-04T22:58:15+00:00","breadcrumb":{"@id":"https:\/\/escolanacionaldepericias.org.br\/loja\/product\/curso-fundamentos-basicos-da-pericia-em-locais-de-crime-copia\/#breadcrumb"},"inLanguage":"pt-BR","potentialAction":[{"@type":"ReadAction","target":["https:\/\/escolanacionaldepericias.org.br\/loja\/product\/curso-fundamentos-basicos-da-pericia-em-locais-de-crime-copia\/"]}]},{"@type":"ImageObject","inLanguage":"pt-BR","@id":"https:\/\/escolanacionaldepericias.org.br\/loja\/product\/curso-fundamentos-basicos-da-pericia-em-locais-de-crime-copia\/#primaryimage","url":"https:\/\/escolanacionaldepericias.org.br\/loja\/wp-content\/uploads\/2024\/03\/PHOTO-2024-04-04-19-51-30.jpg","contentUrl":"https:\/\/escolanacionaldepericias.org.br\/loja\/wp-content\/uploads\/2024\/03\/PHOTO-2024-04-04-19-51-30.jpg","width":1080,"height":1350},{"@type":"BreadcrumbList","@id":"https:\/\/escolanacionaldepericias.org.br\/loja\/product\/curso-fundamentos-basicos-da-pericia-em-locais-de-crime-copia\/#breadcrumb","itemListElement":[{"@type":"ListItem","position":1,"name":"In\u00edcio","item":"https:\/\/escolanacionaldepericias.org.br\/loja\/"},{"@type":"ListItem","position":2,"name":"Produtos","item":"https:\/\/escolanacionaldepericias.org.br\/loja\/elementor-loop-item\/257-revision-v1\/"},{"@type":"ListItem","position":3,"name":"Curso Fundamentos b\u00e1sicos da Per\u00edcia em Locais de Crime"}]},{"@type":"WebSite","@id":"https:\/\/escolanacionaldepericias.org.br\/loja\/#website","url":"https:\/\/escolanacionaldepericias.org.br\/loja\/","name":"Escola Nacional de Per\u00edcias","description":"","publisher":{"@id":"https:\/\/escolanacionaldepericias.org.br\/loja\/#organization"},"potentialAction":[{"@type":"SearchAction","target":{"@type":"EntryPoint","urlTemplate":"https:\/\/escolanacionaldepericias.org.br\/loja\/?s={search_term_string}"},"query-input":{"@type":"PropertyValueSpecification","valueRequired":true,"valueName":"search_term_string"}}],"inLanguage":"pt-BR"},{"@type":"Organization","@id":"https:\/\/escolanacionaldepericias.org.br\/loja\/#organization","name":"Escola Nacional de Per\u00edcias","url":"https:\/\/escolanacionaldepericias.org.br\/loja\/","logo":{"@type":"ImageObject","inLanguage":"pt-BR","@id":"https:\/\/escolanacionaldepericias.org.br\/loja\/#\/schema\/logo\/image\/","url":"https:\/\/escolanacionaldepericias.org.br\/loja\/wp-content\/uploads\/2024\/02\/logohorizonte.png","contentUrl":"https:\/\/escolanacionaldepericias.org.br\/loja\/wp-content\/uploads\/2024\/02\/logohorizonte.png","width":708,"height":352,"caption":"Escola Nacional de Per\u00edcias"},"image":{"@id":"https:\/\/escolanacionaldepericias.org.br\/loja\/#\/schema\/logo\/image\/"}}]}},"_links":{"self":[{"href":"https:\/\/escolanacionaldepericias.org.br\/loja\/wp-json\/wp\/v2\/product\/455","targetHints":{"allow":["GET"]}}],"collection":[{"href":"https:\/\/escolanacionaldepericias.org.br\/loja\/wp-json\/wp\/v2\/product"}],"about":[{"href":"https:\/\/escolanacionaldepericias.org.br\/loja\/wp-json\/wp\/v2\/types\/product"}],"replies":[{"embeddable":true,"href":"https:\/\/escolanacionaldepericias.org.br\/loja\/wp-json\/wp\/v2\/comments?post=455"}],"wp:featuredmedia":[{"embeddable":true,"href":"https:\/\/escolanacionaldepericias.org.br\/loja\/wp-json\/wp\/v2\/media\/1445"}],"wp:attachment":[{"href":"https:\/\/escolanacionaldepericias.org.br\/loja\/wp-json\/wp\/v2\/media?parent=455"}],"wp:term":[{"taxonomy":"product_brand","embeddable":true,"href":"https:\/\/escolanacionaldepericias.org.br\/loja\/wp-json\/wp\/v2\/product_brand?post=455"},{"taxonomy":"product_cat","embeddable":true,"href":"https:\/\/escolanacionaldepericias.org.br\/loja\/wp-json\/wp\/v2\/product_cat?post=455"},{"taxonomy":"product_tag","embeddable":true,"href":"https:\/\/escolanacionaldepericias.org.br\/loja\/wp-json\/wp\/v2\/product_tag?post=455"}],"curies":[{"name":"wp","href":"https:\/\/api.w.org\/{rel}","templated":true}]}}