{"id":318,"date":"2024-03-06T13:34:23","date_gmt":"2024-03-06T16:34:23","guid":{"rendered":"https:\/\/escolanacionaldepericias.org.br\/loja\/product\/curso-oficial-iped-4\/"},"modified":"2024-03-26T12:06:31","modified_gmt":"2024-03-26T15:06:31","slug":"curso-introducao-a-computacao-forense","status":"publish","type":"product","link":"https:\/\/escolanacionaldepericias.org.br\/loja\/product\/curso-introducao-a-computacao-forense\/","title":{"rendered":"Curso Introdu\u00e7\u00e3o \u00e0 Computa\u00e7\u00e3o Forense"},"content":{"rendered":"<p>Aprenda e explore a import\u00e2ncia crescente das evid\u00eancias digitais na resolu\u00e7\u00e3o de crimes e disputas judiciais. Aprenda com peritos criminais federais especializados e ganhe habilidades pr\u00e1ticas para uma carreira promissora na investiga\u00e7\u00e3o digital.<\/p>\n<p><b style=\"font-family: -apple-system, BlinkMacSystemFont, 'Segoe UI', Roboto, 'Helvetica Neue', Arial, 'Noto Sans', 'Liberation Sans', sans-serif, 'Apple Color Emoji', 'Segoe UI Emoji', 'Segoe UI Symbol', 'Noto Color Emoji'; font-size: 1rem;\">Carga hor\u00e1ria:<\/b><span style=\"font-family: -apple-system, BlinkMacSystemFont, 'Segoe UI', Roboto, 'Helvetica Neue', Arial, 'Noto Sans', 'Liberation Sans', sans-serif, 'Apple Color Emoji', 'Segoe UI Emoji', 'Segoe UI Symbol', 'Noto Color Emoji'; font-size: 1rem;\"> 20 horas\/aula<br \/>\n<\/span><b style=\"font-family: -apple-system, BlinkMacSystemFont, 'Segoe UI', Roboto, 'Helvetica Neue', Arial, 'Noto Sans', 'Liberation Sans', sans-serif, 'Apple Color Emoji', 'Segoe UI Emoji', 'Segoe UI Symbol', 'Noto Color Emoji'; font-size: 1rem;\">Modalidade:<\/b><span style=\"font-family: -apple-system, BlinkMacSystemFont, 'Segoe UI', Roboto, 'Helvetica Neue', Arial, 'Noto Sans', 'Liberation Sans', sans-serif, 'Apple Color Emoji', 'Segoe UI Emoji', 'Segoe UI Symbol', 'Noto Color Emoji'; font-size: 1rem;\"> Ao vivo<br \/>\n<strong>N\u00famero de Vagas:<\/strong> 50<br \/>\n<strong>Professor:\u00a0 Me. Evandro M\u00e1rio Lorens<br \/>\nInvestimento: <\/strong>R$ 600,00<span style=\"font-family: -apple-system, BlinkMacSystemFont, 'Segoe UI', Roboto, 'Helvetica Neue', Arial, 'Noto Sans', 'Liberation Sans', sans-serif, 'Apple Color Emoji', 'Segoe UI Emoji', 'Segoe UI Symbol', 'Noto Color Emoji'; font-size: x-small; text-align: justify; color: #212529;\"><a href=\"https:\/\/sacola.pagseguro.uol.com.br\/e51e5d49-7fa8-4b90-bd58-624fd3919d32\" target=\"_blank\" rel=\"noopener\"><br \/>\n<\/a><a href=\"https:\/\/api.whatsapp.com\/send?phone=5561998252024\" target=\"_blank\" rel=\"noreferrer noopener\"><img decoding=\"async\" class=\"alignnone size-medium wp-image-530\" src=\"https:\/\/escolanacionaldepericias.org.br\/loja\/wp-content\/uploads\/2024\/03\/botaCC83o-whatsapp-do-prime-gourmet-1-2-300x104.webp\" alt=\"\" width=\"300\" height=\"104\" srcset=\"https:\/\/escolanacionaldepericias.org.br\/loja\/wp-content\/uploads\/2024\/03\/botaCC83o-whatsapp-do-prime-gourmet-1-2-300x104.webp 300w, https:\/\/escolanacionaldepericias.org.br\/loja\/wp-content\/uploads\/2024\/03\/botaCC83o-whatsapp-do-prime-gourmet-1-2-600x208.webp 600w, https:\/\/escolanacionaldepericias.org.br\/loja\/wp-content\/uploads\/2024\/03\/botaCC83o-whatsapp-do-prime-gourmet-1-2.webp 664w\" sizes=\"(max-width: 300px) 100vw, 300px\" \/><\/a><\/span><\/span><\/p>\n<p><span style=\"font-family: -apple-system, BlinkMacSystemFont, 'Segoe UI', Roboto, 'Helvetica Neue', Arial, 'Noto Sans', 'Liberation Sans', sans-serif, 'Apple Color Emoji', 'Segoe UI Emoji', 'Segoe UI Symbol', 'Noto Color Emoji'; font-size: 1rem;\"><span style=\"font-family: -apple-system, BlinkMacSystemFont, 'Segoe UI', Roboto, 'Helvetica Neue', Arial, 'Noto Sans', 'Liberation Sans', sans-serif, 'Apple Color Emoji', 'Segoe UI Emoji', 'Segoe UI Symbol', 'Noto Color Emoji'; font-size: x-small; text-align: justify; color: #212529;\">Conforme a pol\u00edtica de cancelamento, o prazo para desist\u00eancia e reembolso integral do valor pago \u00e9 de at\u00e9 07 dias ap\u00f3s a compra, e dever\u00e1 ser formulada mediante e-mail enviado para financeiro@escolanacionaldepericias.org.br. Ap\u00f3s este prazo, n\u00e3o haver\u00e1 cancelamento somente troca de titularidade<\/span><\/span><\/p>\n","protected":false},"excerpt":{"rendered":"<p>Aprenda e explore a import\u00e2ncia crescente das evid\u00eancias digitais na resolu\u00e7\u00e3o de crimes e disputas judiciais. Aprenda com peritos criminais federais especializados e ganhe habilidades pr\u00e1ticas para uma carreira promissora na investiga\u00e7\u00e3o digital. Carga hor\u00e1ria: 20 horas\/aula Modalidade: Ao vivo N\u00famero de Vagas: 50 Professor:\u00a0 Me. Evandro M\u00e1rio Lorens Investimento: R$ 600,00 Conforme a pol\u00edtica [&hellip;]<\/p>\n","protected":false},"featured_media":457,"comment_status":"open","ping_status":"closed","template":"","meta":{"_acf_changed":false},"product_brand":[],"product_cat":[15],"product_tag":[],"class_list":{"0":"post-318","1":"product","2":"type-product","3":"status-publish","4":"has-post-thumbnail","6":"product_cat-cursos","8":"first","9":"outofstock","10":"virtual","11":"purchasable","12":"product-type-simple"},"acf":[],"yoast_head":"<!-- This site is optimized with the Yoast SEO plugin v25.0 - https:\/\/yoast.com\/wordpress\/plugins\/seo\/ -->\n<title>Curso Introdu\u00e7\u00e3o \u00e0 Computa\u00e7\u00e3o Forense - Escola Nacional de Per\u00edcias<\/title>\n<meta name=\"robots\" content=\"index, follow, max-snippet:-1, max-image-preview:large, max-video-preview:-1\" \/>\n<link rel=\"canonical\" href=\"https:\/\/escolanacionaldepericias.org.br\/loja\/product\/curso-introducao-a-computacao-forense\/\" \/>\n<meta property=\"og:locale\" content=\"pt_BR\" \/>\n<meta property=\"og:type\" content=\"article\" \/>\n<meta property=\"og:title\" content=\"Curso Introdu\u00e7\u00e3o \u00e0 Computa\u00e7\u00e3o Forense - Escola Nacional de Per\u00edcias\" \/>\n<meta property=\"og:description\" content=\"Aprenda e explore a import\u00e2ncia crescente das evid\u00eancias digitais na resolu\u00e7\u00e3o de crimes e disputas judiciais. Aprenda com peritos criminais federais especializados e ganhe habilidades pr\u00e1ticas para uma carreira promissora na investiga\u00e7\u00e3o digital. Carga hor\u00e1ria: 20 horas\/aula Modalidade: Ao vivo N\u00famero de Vagas: 50 Professor:\u00a0 Me. Evandro M\u00e1rio Lorens Investimento: R$ 600,00 Conforme a pol\u00edtica [&hellip;]\" \/>\n<meta property=\"og:url\" content=\"https:\/\/escolanacionaldepericias.org.br\/loja\/product\/curso-introducao-a-computacao-forense\/\" \/>\n<meta property=\"og:site_name\" content=\"Escola Nacional de Per\u00edcias\" \/>\n<meta property=\"article:modified_time\" content=\"2024-03-26T15:06:31+00:00\" \/>\n<meta property=\"og:image\" content=\"https:\/\/escolanacionaldepericias.org.br\/loja\/wp-content\/uploads\/2024\/03\/Introducao-a-computacao-forense.jpg\" \/>\n\t<meta property=\"og:image:width\" content=\"1024\" \/>\n\t<meta property=\"og:image:height\" content=\"1280\" \/>\n\t<meta property=\"og:image:type\" content=\"image\/jpeg\" \/>\n<meta name=\"twitter:card\" content=\"summary_large_image\" \/>\n<meta name=\"twitter:label1\" content=\"Est. tempo de leitura\" \/>\n\t<meta name=\"twitter:data1\" content=\"1 minuto\" \/>\n<script type=\"application\/ld+json\" class=\"yoast-schema-graph\">{\"@context\":\"https:\/\/schema.org\",\"@graph\":[{\"@type\":\"WebPage\",\"@id\":\"https:\/\/escolanacionaldepericias.org.br\/loja\/product\/curso-introducao-a-computacao-forense\/\",\"url\":\"https:\/\/escolanacionaldepericias.org.br\/loja\/product\/curso-introducao-a-computacao-forense\/\",\"name\":\"Curso Introdu\u00e7\u00e3o \u00e0 Computa\u00e7\u00e3o Forense - Escola Nacional de Per\u00edcias\",\"isPartOf\":{\"@id\":\"https:\/\/escolanacionaldepericias.org.br\/loja\/#website\"},\"primaryImageOfPage\":{\"@id\":\"https:\/\/escolanacionaldepericias.org.br\/loja\/product\/curso-introducao-a-computacao-forense\/#primaryimage\"},\"image\":{\"@id\":\"https:\/\/escolanacionaldepericias.org.br\/loja\/product\/curso-introducao-a-computacao-forense\/#primaryimage\"},\"thumbnailUrl\":\"https:\/\/escolanacionaldepericias.org.br\/loja\/wp-content\/uploads\/2024\/03\/Introducao-a-computacao-forense.jpg\",\"datePublished\":\"2024-03-06T16:34:23+00:00\",\"dateModified\":\"2024-03-26T15:06:31+00:00\",\"breadcrumb\":{\"@id\":\"https:\/\/escolanacionaldepericias.org.br\/loja\/product\/curso-introducao-a-computacao-forense\/#breadcrumb\"},\"inLanguage\":\"pt-BR\",\"potentialAction\":[{\"@type\":\"ReadAction\",\"target\":[\"https:\/\/escolanacionaldepericias.org.br\/loja\/product\/curso-introducao-a-computacao-forense\/\"]}]},{\"@type\":\"ImageObject\",\"inLanguage\":\"pt-BR\",\"@id\":\"https:\/\/escolanacionaldepericias.org.br\/loja\/product\/curso-introducao-a-computacao-forense\/#primaryimage\",\"url\":\"https:\/\/escolanacionaldepericias.org.br\/loja\/wp-content\/uploads\/2024\/03\/Introducao-a-computacao-forense.jpg\",\"contentUrl\":\"https:\/\/escolanacionaldepericias.org.br\/loja\/wp-content\/uploads\/2024\/03\/Introducao-a-computacao-forense.jpg\",\"width\":1024,\"height\":1280},{\"@type\":\"BreadcrumbList\",\"@id\":\"https:\/\/escolanacionaldepericias.org.br\/loja\/product\/curso-introducao-a-computacao-forense\/#breadcrumb\",\"itemListElement\":[{\"@type\":\"ListItem\",\"position\":1,\"name\":\"In\u00edcio\",\"item\":\"https:\/\/escolanacionaldepericias.org.br\/loja\/\"},{\"@type\":\"ListItem\",\"position\":2,\"name\":\"Produtos\",\"item\":\"https:\/\/escolanacionaldepericias.org.br\/loja\/elementor-loop-item\/257-revision-v1\/\"},{\"@type\":\"ListItem\",\"position\":3,\"name\":\"Curso Introdu\u00e7\u00e3o \u00e0 Computa\u00e7\u00e3o Forense\"}]},{\"@type\":\"WebSite\",\"@id\":\"https:\/\/escolanacionaldepericias.org.br\/loja\/#website\",\"url\":\"https:\/\/escolanacionaldepericias.org.br\/loja\/\",\"name\":\"Escola Nacional de Per\u00edcias\",\"description\":\"\",\"publisher\":{\"@id\":\"https:\/\/escolanacionaldepericias.org.br\/loja\/#organization\"},\"potentialAction\":[{\"@type\":\"SearchAction\",\"target\":{\"@type\":\"EntryPoint\",\"urlTemplate\":\"https:\/\/escolanacionaldepericias.org.br\/loja\/?s={search_term_string}\"},\"query-input\":{\"@type\":\"PropertyValueSpecification\",\"valueRequired\":true,\"valueName\":\"search_term_string\"}}],\"inLanguage\":\"pt-BR\"},{\"@type\":\"Organization\",\"@id\":\"https:\/\/escolanacionaldepericias.org.br\/loja\/#organization\",\"name\":\"Escola Nacional de Per\u00edcias\",\"url\":\"https:\/\/escolanacionaldepericias.org.br\/loja\/\",\"logo\":{\"@type\":\"ImageObject\",\"inLanguage\":\"pt-BR\",\"@id\":\"https:\/\/escolanacionaldepericias.org.br\/loja\/#\/schema\/logo\/image\/\",\"url\":\"https:\/\/escolanacionaldepericias.org.br\/loja\/wp-content\/uploads\/2024\/02\/logohorizonte.png\",\"contentUrl\":\"https:\/\/escolanacionaldepericias.org.br\/loja\/wp-content\/uploads\/2024\/02\/logohorizonte.png\",\"width\":708,\"height\":352,\"caption\":\"Escola Nacional de Per\u00edcias\"},\"image\":{\"@id\":\"https:\/\/escolanacionaldepericias.org.br\/loja\/#\/schema\/logo\/image\/\"}}]}<\/script>\n<!-- \/ Yoast SEO plugin. -->","yoast_head_json":{"title":"Curso Introdu\u00e7\u00e3o \u00e0 Computa\u00e7\u00e3o Forense - Escola Nacional de Per\u00edcias","robots":{"index":"index","follow":"follow","max-snippet":"max-snippet:-1","max-image-preview":"max-image-preview:large","max-video-preview":"max-video-preview:-1"},"canonical":"https:\/\/escolanacionaldepericias.org.br\/loja\/product\/curso-introducao-a-computacao-forense\/","og_locale":"pt_BR","og_type":"article","og_title":"Curso Introdu\u00e7\u00e3o \u00e0 Computa\u00e7\u00e3o Forense - Escola Nacional de Per\u00edcias","og_description":"Aprenda e explore a import\u00e2ncia crescente das evid\u00eancias digitais na resolu\u00e7\u00e3o de crimes e disputas judiciais. Aprenda com peritos criminais federais especializados e ganhe habilidades pr\u00e1ticas para uma carreira promissora na investiga\u00e7\u00e3o digital. Carga hor\u00e1ria: 20 horas\/aula Modalidade: Ao vivo N\u00famero de Vagas: 50 Professor:\u00a0 Me. Evandro M\u00e1rio Lorens Investimento: R$ 600,00 Conforme a pol\u00edtica [&hellip;]","og_url":"https:\/\/escolanacionaldepericias.org.br\/loja\/product\/curso-introducao-a-computacao-forense\/","og_site_name":"Escola Nacional de Per\u00edcias","article_modified_time":"2024-03-26T15:06:31+00:00","og_image":[{"width":1024,"height":1280,"url":"https:\/\/escolanacionaldepericias.org.br\/loja\/wp-content\/uploads\/2024\/03\/Introducao-a-computacao-forense.jpg","type":"image\/jpeg"}],"twitter_card":"summary_large_image","twitter_misc":{"Est. tempo de leitura":"1 minuto"},"schema":{"@context":"https:\/\/schema.org","@graph":[{"@type":"WebPage","@id":"https:\/\/escolanacionaldepericias.org.br\/loja\/product\/curso-introducao-a-computacao-forense\/","url":"https:\/\/escolanacionaldepericias.org.br\/loja\/product\/curso-introducao-a-computacao-forense\/","name":"Curso Introdu\u00e7\u00e3o \u00e0 Computa\u00e7\u00e3o Forense - Escola Nacional de Per\u00edcias","isPartOf":{"@id":"https:\/\/escolanacionaldepericias.org.br\/loja\/#website"},"primaryImageOfPage":{"@id":"https:\/\/escolanacionaldepericias.org.br\/loja\/product\/curso-introducao-a-computacao-forense\/#primaryimage"},"image":{"@id":"https:\/\/escolanacionaldepericias.org.br\/loja\/product\/curso-introducao-a-computacao-forense\/#primaryimage"},"thumbnailUrl":"https:\/\/escolanacionaldepericias.org.br\/loja\/wp-content\/uploads\/2024\/03\/Introducao-a-computacao-forense.jpg","datePublished":"2024-03-06T16:34:23+00:00","dateModified":"2024-03-26T15:06:31+00:00","breadcrumb":{"@id":"https:\/\/escolanacionaldepericias.org.br\/loja\/product\/curso-introducao-a-computacao-forense\/#breadcrumb"},"inLanguage":"pt-BR","potentialAction":[{"@type":"ReadAction","target":["https:\/\/escolanacionaldepericias.org.br\/loja\/product\/curso-introducao-a-computacao-forense\/"]}]},{"@type":"ImageObject","inLanguage":"pt-BR","@id":"https:\/\/escolanacionaldepericias.org.br\/loja\/product\/curso-introducao-a-computacao-forense\/#primaryimage","url":"https:\/\/escolanacionaldepericias.org.br\/loja\/wp-content\/uploads\/2024\/03\/Introducao-a-computacao-forense.jpg","contentUrl":"https:\/\/escolanacionaldepericias.org.br\/loja\/wp-content\/uploads\/2024\/03\/Introducao-a-computacao-forense.jpg","width":1024,"height":1280},{"@type":"BreadcrumbList","@id":"https:\/\/escolanacionaldepericias.org.br\/loja\/product\/curso-introducao-a-computacao-forense\/#breadcrumb","itemListElement":[{"@type":"ListItem","position":1,"name":"In\u00edcio","item":"https:\/\/escolanacionaldepericias.org.br\/loja\/"},{"@type":"ListItem","position":2,"name":"Produtos","item":"https:\/\/escolanacionaldepericias.org.br\/loja\/elementor-loop-item\/257-revision-v1\/"},{"@type":"ListItem","position":3,"name":"Curso Introdu\u00e7\u00e3o \u00e0 Computa\u00e7\u00e3o Forense"}]},{"@type":"WebSite","@id":"https:\/\/escolanacionaldepericias.org.br\/loja\/#website","url":"https:\/\/escolanacionaldepericias.org.br\/loja\/","name":"Escola Nacional de Per\u00edcias","description":"","publisher":{"@id":"https:\/\/escolanacionaldepericias.org.br\/loja\/#organization"},"potentialAction":[{"@type":"SearchAction","target":{"@type":"EntryPoint","urlTemplate":"https:\/\/escolanacionaldepericias.org.br\/loja\/?s={search_term_string}"},"query-input":{"@type":"PropertyValueSpecification","valueRequired":true,"valueName":"search_term_string"}}],"inLanguage":"pt-BR"},{"@type":"Organization","@id":"https:\/\/escolanacionaldepericias.org.br\/loja\/#organization","name":"Escola Nacional de Per\u00edcias","url":"https:\/\/escolanacionaldepericias.org.br\/loja\/","logo":{"@type":"ImageObject","inLanguage":"pt-BR","@id":"https:\/\/escolanacionaldepericias.org.br\/loja\/#\/schema\/logo\/image\/","url":"https:\/\/escolanacionaldepericias.org.br\/loja\/wp-content\/uploads\/2024\/02\/logohorizonte.png","contentUrl":"https:\/\/escolanacionaldepericias.org.br\/loja\/wp-content\/uploads\/2024\/02\/logohorizonte.png","width":708,"height":352,"caption":"Escola Nacional de Per\u00edcias"},"image":{"@id":"https:\/\/escolanacionaldepericias.org.br\/loja\/#\/schema\/logo\/image\/"}}]}},"_links":{"self":[{"href":"https:\/\/escolanacionaldepericias.org.br\/loja\/wp-json\/wp\/v2\/product\/318","targetHints":{"allow":["GET"]}}],"collection":[{"href":"https:\/\/escolanacionaldepericias.org.br\/loja\/wp-json\/wp\/v2\/product"}],"about":[{"href":"https:\/\/escolanacionaldepericias.org.br\/loja\/wp-json\/wp\/v2\/types\/product"}],"replies":[{"embeddable":true,"href":"https:\/\/escolanacionaldepericias.org.br\/loja\/wp-json\/wp\/v2\/comments?post=318"}],"wp:featuredmedia":[{"embeddable":true,"href":"https:\/\/escolanacionaldepericias.org.br\/loja\/wp-json\/wp\/v2\/media\/457"}],"wp:attachment":[{"href":"https:\/\/escolanacionaldepericias.org.br\/loja\/wp-json\/wp\/v2\/media?parent=318"}],"wp:term":[{"taxonomy":"product_brand","embeddable":true,"href":"https:\/\/escolanacionaldepericias.org.br\/loja\/wp-json\/wp\/v2\/product_brand?post=318"},{"taxonomy":"product_cat","embeddable":true,"href":"https:\/\/escolanacionaldepericias.org.br\/loja\/wp-json\/wp\/v2\/product_cat?post=318"},{"taxonomy":"product_tag","embeddable":true,"href":"https:\/\/escolanacionaldepericias.org.br\/loja\/wp-json\/wp\/v2\/product_tag?post=318"}],"curies":[{"name":"wp","href":"https:\/\/api.w.org\/{rel}","templated":true}]}}