{"id":309,"date":"2024-03-06T13:34:21","date_gmt":"2024-03-06T16:34:21","guid":{"rendered":"https:\/\/escolanacionaldepericias.org.br\/loja\/product\/curso-pericias-em-documentos-digitais-com-peritus\/"},"modified":"2025-06-23T00:07:01","modified_gmt":"2025-06-23T03:07:01","slug":"curso-fundamentos-de-pericia-criminal","status":"publish","type":"product","link":"https:\/\/escolanacionaldepericias.org.br\/loja\/product\/curso-fundamentos-de-pericia-criminal\/","title":{"rendered":"Curso Fundamentos de Per\u00edcia Criminal"},"content":{"rendered":"<p style=\"text-align: justify;\">O Perito Criminal Federal Dr. Buchm\u00fcller trar\u00e1 nesse curso os aspectos mais relevantes dos fundamentos das ci\u00eancias forenses, com uma vis\u00e3o moderna que vem sendo discutida e proposta nos principais f\u00f3runs mundiais.<\/p>\n<p><strong>Carga hor\u00e1ria:<\/strong><span style=\"font-family: '-apple-system', BlinkMacSystemFont, 'Segoe UI', Roboto, 'Helvetica Neue', Arial, 'Noto Sans', 'Liberation Sans', sans-serif, 'Apple Color Emoji', 'Segoe UI Emoji', 'Segoe UI Symbol', 'Noto Color Emoji'; font-size: 1rem;\"> 20 horas\/aula<\/span><\/p>\n<p><b style=\"font-family: '-apple-system', BlinkMacSystemFont, 'Segoe UI', Roboto, 'Helvetica Neue', Arial, 'Noto Sans', 'Liberation Sans', sans-serif, 'Apple Color Emoji', 'Segoe UI Emoji', 'Segoe UI Symbol', 'Noto Color Emoji'; font-size: 1rem;\">Modalidade:<\/b><span style=\"font-family: '-apple-system', BlinkMacSystemFont, 'Segoe UI', Roboto, 'Helvetica Neue', Arial, 'Noto Sans', 'Liberation Sans', sans-serif, 'Apple Color Emoji', 'Segoe UI Emoji', 'Segoe UI Symbol', 'Noto Color Emoji'; font-size: 1rem;\"> Ao vivo<br \/>\n<\/span><br \/>\n<strong>Per\u00edodo:<\/strong> 14, 15, 16, 17 e 18\u00a0 de julho<\/p>\n<p><strong>Hor\u00e1rios:<br \/>\n<\/strong><span style=\"font-family: -apple-system, BlinkMacSystemFont, 'Segoe UI', Roboto, 'Helvetica Neue', Arial, 'Noto Sans', sans-serif, 'Apple Color Emoji', 'Segoe UI Emoji', 'Segoe UI Symbol', 'Noto Color Emoji';\">Segunda (18h 30 \u00e0s 22:30);<\/span><br \/>\n<span style=\"font-family: -apple-system, BlinkMacSystemFont, 'Segoe UI', Roboto, 'Helvetica Neue', Arial, 'Noto Sans', sans-serif, 'Apple Color Emoji', 'Segoe UI Emoji', 'Segoe UI Symbol', 'Noto Color Emoji';\">Ter\u00e7a (18h 30\u00a0\u00e0s\u00a022:30);<\/span><br \/>\nQuarta (18h 30 \u00e0s 22:30);<br \/>\nQuinta (18h 30 \u00e0s 22:30);<br \/>\nSexta (18h 30 \u00e0s 22:30).<\/p>\n<p><span style=\"font-family: '-apple-system', BlinkMacSystemFont, 'Segoe UI', Roboto, 'Helvetica Neue', Arial, 'Noto Sans', 'Liberation Sans', sans-serif, 'Apple Color Emoji', 'Segoe UI Emoji', 'Segoe UI Symbol', 'Noto Color Emoji'; font-size: 1rem;\"><strong>N\u00famero de Vagas:<\/strong> 40<br \/>\n<b>Professor: Dr. H\u00e9lio Buchmuller Lima<br \/>\nInvestimento: <\/b>R$ 600,00<b><br \/>\n<\/b><\/span><\/p>\n<p><a href=\"https:\/\/api.whatsapp.com\/send?phone=5561998252024\" target=\"_blank\" rel=\"noopener\"><img decoding=\"async\" class=\"alignnone size-medium wp-image-530\" src=\"https:\/\/escolanacionaldepericias.org.br\/loja\/wp-content\/uploads\/2024\/03\/botaCC83o-whatsapp-do-prime-gourmet-1-2-300x104.webp\" alt=\"\" width=\"300\" height=\"104\" srcset=\"https:\/\/escolanacionaldepericias.org.br\/loja\/wp-content\/uploads\/2024\/03\/botaCC83o-whatsapp-do-prime-gourmet-1-2-300x104.webp 300w, https:\/\/escolanacionaldepericias.org.br\/loja\/wp-content\/uploads\/2024\/03\/botaCC83o-whatsapp-do-prime-gourmet-1-2-600x208.webp 600w, https:\/\/escolanacionaldepericias.org.br\/loja\/wp-content\/uploads\/2024\/03\/botaCC83o-whatsapp-do-prime-gourmet-1-2.webp 664w\" sizes=\"(max-width: 300px) 100vw, 300px\" \/><\/a><\/p>\n<p><span style=\"font-size: x-small;\">Conforme a pol\u00edtica de cancelamento, o prazo para desist\u00eancia e reembolso integral do valor pago \u00e9 de at\u00e9 07 dias ap\u00f3s a compra, e dever\u00e1 ser formulada mediante e-mail enviado para financeiro@escolanacionaldepericias.org.br. Ap\u00f3s este prazo, n\u00e3o haver\u00e1 cancelamento somente troca de titularidade.<\/span><\/p>\n<p>&nbsp;<\/p>\n","protected":false},"excerpt":{"rendered":"<p>O Perito Criminal Federal Dr. Buchm\u00fcller trar\u00e1 nesse curso os aspectos mais relevantes dos fundamentos das ci\u00eancias forenses, com uma vis\u00e3o moderna que vem sendo discutida e proposta nos principais f\u00f3runs mundiais. Carga hor\u00e1ria: 20 horas\/aula Modalidade: Ao vivo Per\u00edodo: 14, 15, 16, 17 e 18\u00a0 de julho Hor\u00e1rios: Segunda (18h 30 \u00e0s 22:30); Ter\u00e7a [&hellip;]<\/p>\n","protected":false},"featured_media":2508,"comment_status":"open","ping_status":"closed","template":"","meta":{"_acf_changed":false},"product_brand":[],"product_cat":[15],"product_tag":[],"class_list":{"0":"post-309","1":"product","2":"type-product","3":"status-publish","4":"has-post-thumbnail","6":"product_cat-cursos","8":"first","9":"instock","10":"virtual","11":"purchasable","12":"product-type-simple"},"acf":[],"yoast_head":"<!-- This site is optimized with the Yoast SEO plugin v25.0 - https:\/\/yoast.com\/wordpress\/plugins\/seo\/ -->\n<title>Curso Fundamentos de Per\u00edcia Criminal - Escola Nacional de Per\u00edcias<\/title>\n<meta name=\"robots\" content=\"index, follow, max-snippet:-1, max-image-preview:large, max-video-preview:-1\" \/>\n<link rel=\"canonical\" href=\"https:\/\/escolanacionaldepericias.org.br\/loja\/product\/curso-fundamentos-de-pericia-criminal\/\" \/>\n<meta property=\"og:locale\" content=\"pt_BR\" \/>\n<meta property=\"og:type\" content=\"article\" \/>\n<meta property=\"og:title\" content=\"Curso Fundamentos de Per\u00edcia Criminal - Escola Nacional de Per\u00edcias\" \/>\n<meta property=\"og:description\" content=\"O Perito Criminal Federal Dr. Buchm\u00fcller trar\u00e1 nesse curso os aspectos mais relevantes dos fundamentos das ci\u00eancias forenses, com uma vis\u00e3o moderna que vem sendo discutida e proposta nos principais f\u00f3runs mundiais. Carga hor\u00e1ria: 20 horas\/aula Modalidade: Ao vivo Per\u00edodo: 14, 15, 16, 17 e 18\u00a0 de julho Hor\u00e1rios: Segunda (18h 30 \u00e0s 22:30); Ter\u00e7a [&hellip;]\" \/>\n<meta property=\"og:url\" content=\"https:\/\/escolanacionaldepericias.org.br\/loja\/product\/curso-fundamentos-de-pericia-criminal\/\" \/>\n<meta property=\"og:site_name\" content=\"Escola Nacional de Per\u00edcias\" \/>\n<meta property=\"article:modified_time\" content=\"2025-06-23T03:07:01+00:00\" \/>\n<meta property=\"og:image\" content=\"https:\/\/escolanacionaldepericias.org.br\/loja\/wp-content\/uploads\/2024\/03\/Fundamentos-de-Pericia-Criminal-1.jpg\" \/>\n\t<meta property=\"og:image:width\" content=\"1080\" \/>\n\t<meta property=\"og:image:height\" content=\"1350\" \/>\n\t<meta property=\"og:image:type\" content=\"image\/jpeg\" \/>\n<meta name=\"twitter:card\" content=\"summary_large_image\" \/>\n<meta name=\"twitter:label1\" content=\"Est. tempo de leitura\" \/>\n\t<meta name=\"twitter:data1\" content=\"2 minutos\" \/>\n<script type=\"application\/ld+json\" class=\"yoast-schema-graph\">{\"@context\":\"https:\/\/schema.org\",\"@graph\":[{\"@type\":\"WebPage\",\"@id\":\"https:\/\/escolanacionaldepericias.org.br\/loja\/product\/curso-fundamentos-de-pericia-criminal\/\",\"url\":\"https:\/\/escolanacionaldepericias.org.br\/loja\/product\/curso-fundamentos-de-pericia-criminal\/\",\"name\":\"Curso Fundamentos de Per\u00edcia Criminal - Escola Nacional de Per\u00edcias\",\"isPartOf\":{\"@id\":\"https:\/\/escolanacionaldepericias.org.br\/loja\/#website\"},\"primaryImageOfPage\":{\"@id\":\"https:\/\/escolanacionaldepericias.org.br\/loja\/product\/curso-fundamentos-de-pericia-criminal\/#primaryimage\"},\"image\":{\"@id\":\"https:\/\/escolanacionaldepericias.org.br\/loja\/product\/curso-fundamentos-de-pericia-criminal\/#primaryimage\"},\"thumbnailUrl\":\"https:\/\/escolanacionaldepericias.org.br\/loja\/wp-content\/uploads\/2024\/03\/Fundamentos-de-Pericia-Criminal-1.jpg\",\"datePublished\":\"2024-03-06T16:34:21+00:00\",\"dateModified\":\"2025-06-23T03:07:01+00:00\",\"breadcrumb\":{\"@id\":\"https:\/\/escolanacionaldepericias.org.br\/loja\/product\/curso-fundamentos-de-pericia-criminal\/#breadcrumb\"},\"inLanguage\":\"pt-BR\",\"potentialAction\":[{\"@type\":\"ReadAction\",\"target\":[\"https:\/\/escolanacionaldepericias.org.br\/loja\/product\/curso-fundamentos-de-pericia-criminal\/\"]}]},{\"@type\":\"ImageObject\",\"inLanguage\":\"pt-BR\",\"@id\":\"https:\/\/escolanacionaldepericias.org.br\/loja\/product\/curso-fundamentos-de-pericia-criminal\/#primaryimage\",\"url\":\"https:\/\/escolanacionaldepericias.org.br\/loja\/wp-content\/uploads\/2024\/03\/Fundamentos-de-Pericia-Criminal-1.jpg\",\"contentUrl\":\"https:\/\/escolanacionaldepericias.org.br\/loja\/wp-content\/uploads\/2024\/03\/Fundamentos-de-Pericia-Criminal-1.jpg\",\"width\":1080,\"height\":1350},{\"@type\":\"BreadcrumbList\",\"@id\":\"https:\/\/escolanacionaldepericias.org.br\/loja\/product\/curso-fundamentos-de-pericia-criminal\/#breadcrumb\",\"itemListElement\":[{\"@type\":\"ListItem\",\"position\":1,\"name\":\"In\u00edcio\",\"item\":\"https:\/\/escolanacionaldepericias.org.br\/loja\/\"},{\"@type\":\"ListItem\",\"position\":2,\"name\":\"Produtos\",\"item\":\"https:\/\/escolanacionaldepericias.org.br\/loja\/elementor-loop-item\/257-revision-v1\/\"},{\"@type\":\"ListItem\",\"position\":3,\"name\":\"Curso Fundamentos de Per\u00edcia Criminal\"}]},{\"@type\":\"WebSite\",\"@id\":\"https:\/\/escolanacionaldepericias.org.br\/loja\/#website\",\"url\":\"https:\/\/escolanacionaldepericias.org.br\/loja\/\",\"name\":\"Escola Nacional de Per\u00edcias\",\"description\":\"\",\"publisher\":{\"@id\":\"https:\/\/escolanacionaldepericias.org.br\/loja\/#organization\"},\"potentialAction\":[{\"@type\":\"SearchAction\",\"target\":{\"@type\":\"EntryPoint\",\"urlTemplate\":\"https:\/\/escolanacionaldepericias.org.br\/loja\/?s={search_term_string}\"},\"query-input\":{\"@type\":\"PropertyValueSpecification\",\"valueRequired\":true,\"valueName\":\"search_term_string\"}}],\"inLanguage\":\"pt-BR\"},{\"@type\":\"Organization\",\"@id\":\"https:\/\/escolanacionaldepericias.org.br\/loja\/#organization\",\"name\":\"Escola Nacional de Per\u00edcias\",\"url\":\"https:\/\/escolanacionaldepericias.org.br\/loja\/\",\"logo\":{\"@type\":\"ImageObject\",\"inLanguage\":\"pt-BR\",\"@id\":\"https:\/\/escolanacionaldepericias.org.br\/loja\/#\/schema\/logo\/image\/\",\"url\":\"https:\/\/escolanacionaldepericias.org.br\/loja\/wp-content\/uploads\/2024\/02\/logohorizonte.png\",\"contentUrl\":\"https:\/\/escolanacionaldepericias.org.br\/loja\/wp-content\/uploads\/2024\/02\/logohorizonte.png\",\"width\":708,\"height\":352,\"caption\":\"Escola Nacional de Per\u00edcias\"},\"image\":{\"@id\":\"https:\/\/escolanacionaldepericias.org.br\/loja\/#\/schema\/logo\/image\/\"}}]}<\/script>\n<!-- \/ Yoast SEO plugin. -->","yoast_head_json":{"title":"Curso Fundamentos de Per\u00edcia Criminal - Escola Nacional de Per\u00edcias","robots":{"index":"index","follow":"follow","max-snippet":"max-snippet:-1","max-image-preview":"max-image-preview:large","max-video-preview":"max-video-preview:-1"},"canonical":"https:\/\/escolanacionaldepericias.org.br\/loja\/product\/curso-fundamentos-de-pericia-criminal\/","og_locale":"pt_BR","og_type":"article","og_title":"Curso Fundamentos de Per\u00edcia Criminal - Escola Nacional de Per\u00edcias","og_description":"O Perito Criminal Federal Dr. Buchm\u00fcller trar\u00e1 nesse curso os aspectos mais relevantes dos fundamentos das ci\u00eancias forenses, com uma vis\u00e3o moderna que vem sendo discutida e proposta nos principais f\u00f3runs mundiais. Carga hor\u00e1ria: 20 horas\/aula Modalidade: Ao vivo Per\u00edodo: 14, 15, 16, 17 e 18\u00a0 de julho Hor\u00e1rios: Segunda (18h 30 \u00e0s 22:30); Ter\u00e7a [&hellip;]","og_url":"https:\/\/escolanacionaldepericias.org.br\/loja\/product\/curso-fundamentos-de-pericia-criminal\/","og_site_name":"Escola Nacional de Per\u00edcias","article_modified_time":"2025-06-23T03:07:01+00:00","og_image":[{"width":1080,"height":1350,"url":"https:\/\/escolanacionaldepericias.org.br\/loja\/wp-content\/uploads\/2024\/03\/Fundamentos-de-Pericia-Criminal-1.jpg","type":"image\/jpeg"}],"twitter_card":"summary_large_image","twitter_misc":{"Est. tempo de leitura":"2 minutos"},"schema":{"@context":"https:\/\/schema.org","@graph":[{"@type":"WebPage","@id":"https:\/\/escolanacionaldepericias.org.br\/loja\/product\/curso-fundamentos-de-pericia-criminal\/","url":"https:\/\/escolanacionaldepericias.org.br\/loja\/product\/curso-fundamentos-de-pericia-criminal\/","name":"Curso Fundamentos de Per\u00edcia Criminal - Escola Nacional de Per\u00edcias","isPartOf":{"@id":"https:\/\/escolanacionaldepericias.org.br\/loja\/#website"},"primaryImageOfPage":{"@id":"https:\/\/escolanacionaldepericias.org.br\/loja\/product\/curso-fundamentos-de-pericia-criminal\/#primaryimage"},"image":{"@id":"https:\/\/escolanacionaldepericias.org.br\/loja\/product\/curso-fundamentos-de-pericia-criminal\/#primaryimage"},"thumbnailUrl":"https:\/\/escolanacionaldepericias.org.br\/loja\/wp-content\/uploads\/2024\/03\/Fundamentos-de-Pericia-Criminal-1.jpg","datePublished":"2024-03-06T16:34:21+00:00","dateModified":"2025-06-23T03:07:01+00:00","breadcrumb":{"@id":"https:\/\/escolanacionaldepericias.org.br\/loja\/product\/curso-fundamentos-de-pericia-criminal\/#breadcrumb"},"inLanguage":"pt-BR","potentialAction":[{"@type":"ReadAction","target":["https:\/\/escolanacionaldepericias.org.br\/loja\/product\/curso-fundamentos-de-pericia-criminal\/"]}]},{"@type":"ImageObject","inLanguage":"pt-BR","@id":"https:\/\/escolanacionaldepericias.org.br\/loja\/product\/curso-fundamentos-de-pericia-criminal\/#primaryimage","url":"https:\/\/escolanacionaldepericias.org.br\/loja\/wp-content\/uploads\/2024\/03\/Fundamentos-de-Pericia-Criminal-1.jpg","contentUrl":"https:\/\/escolanacionaldepericias.org.br\/loja\/wp-content\/uploads\/2024\/03\/Fundamentos-de-Pericia-Criminal-1.jpg","width":1080,"height":1350},{"@type":"BreadcrumbList","@id":"https:\/\/escolanacionaldepericias.org.br\/loja\/product\/curso-fundamentos-de-pericia-criminal\/#breadcrumb","itemListElement":[{"@type":"ListItem","position":1,"name":"In\u00edcio","item":"https:\/\/escolanacionaldepericias.org.br\/loja\/"},{"@type":"ListItem","position":2,"name":"Produtos","item":"https:\/\/escolanacionaldepericias.org.br\/loja\/elementor-loop-item\/257-revision-v1\/"},{"@type":"ListItem","position":3,"name":"Curso Fundamentos de Per\u00edcia Criminal"}]},{"@type":"WebSite","@id":"https:\/\/escolanacionaldepericias.org.br\/loja\/#website","url":"https:\/\/escolanacionaldepericias.org.br\/loja\/","name":"Escola Nacional de Per\u00edcias","description":"","publisher":{"@id":"https:\/\/escolanacionaldepericias.org.br\/loja\/#organization"},"potentialAction":[{"@type":"SearchAction","target":{"@type":"EntryPoint","urlTemplate":"https:\/\/escolanacionaldepericias.org.br\/loja\/?s={search_term_string}"},"query-input":{"@type":"PropertyValueSpecification","valueRequired":true,"valueName":"search_term_string"}}],"inLanguage":"pt-BR"},{"@type":"Organization","@id":"https:\/\/escolanacionaldepericias.org.br\/loja\/#organization","name":"Escola Nacional de Per\u00edcias","url":"https:\/\/escolanacionaldepericias.org.br\/loja\/","logo":{"@type":"ImageObject","inLanguage":"pt-BR","@id":"https:\/\/escolanacionaldepericias.org.br\/loja\/#\/schema\/logo\/image\/","url":"https:\/\/escolanacionaldepericias.org.br\/loja\/wp-content\/uploads\/2024\/02\/logohorizonte.png","contentUrl":"https:\/\/escolanacionaldepericias.org.br\/loja\/wp-content\/uploads\/2024\/02\/logohorizonte.png","width":708,"height":352,"caption":"Escola Nacional de Per\u00edcias"},"image":{"@id":"https:\/\/escolanacionaldepericias.org.br\/loja\/#\/schema\/logo\/image\/"}}]}},"_links":{"self":[{"href":"https:\/\/escolanacionaldepericias.org.br\/loja\/wp-json\/wp\/v2\/product\/309","targetHints":{"allow":["GET"]}}],"collection":[{"href":"https:\/\/escolanacionaldepericias.org.br\/loja\/wp-json\/wp\/v2\/product"}],"about":[{"href":"https:\/\/escolanacionaldepericias.org.br\/loja\/wp-json\/wp\/v2\/types\/product"}],"replies":[{"embeddable":true,"href":"https:\/\/escolanacionaldepericias.org.br\/loja\/wp-json\/wp\/v2\/comments?post=309"}],"wp:featuredmedia":[{"embeddable":true,"href":"https:\/\/escolanacionaldepericias.org.br\/loja\/wp-json\/wp\/v2\/media\/2508"}],"wp:attachment":[{"href":"https:\/\/escolanacionaldepericias.org.br\/loja\/wp-json\/wp\/v2\/media?parent=309"}],"wp:term":[{"taxonomy":"product_brand","embeddable":true,"href":"https:\/\/escolanacionaldepericias.org.br\/loja\/wp-json\/wp\/v2\/product_brand?post=309"},{"taxonomy":"product_cat","embeddable":true,"href":"https:\/\/escolanacionaldepericias.org.br\/loja\/wp-json\/wp\/v2\/product_cat?post=309"},{"taxonomy":"product_tag","embeddable":true,"href":"https:\/\/escolanacionaldepericias.org.br\/loja\/wp-json\/wp\/v2\/product_tag?post=309"}],"curies":[{"name":"wp","href":"https:\/\/api.w.org\/{rel}","templated":true}]}}