{"id":228,"date":"2024-02-22T09:36:40","date_gmt":"2024-02-22T12:36:40","guid":{"rendered":"https:\/\/escolanacionaldepericias.org.br\/loja\/?page_id=228"},"modified":"2024-03-16T05:11:23","modified_gmt":"2024-03-16T08:11:23","slug":"sobre","status":"publish","type":"page","link":"https:\/\/escolanacionaldepericias.org.br\/loja\/sobre\/","title":{"rendered":"A ESCOLA"},"content":{"rendered":"\t\t<div data-elementor-type=\"wp-page\" data-elementor-id=\"228\" class=\"elementor elementor-228\" data-elementor-settings=\"{&quot;premium_particles_zindex&quot;:0,&quot;premium_particles_responsive&quot;:[&quot;desktop&quot;,&quot;tablet&quot;,&quot;mobile&quot;]}\" data-elementor-post-type=\"page\">\n\t\t\t\t<div class=\"elementor-element elementor-element-a04434d e-flex e-con-boxed e-con e-parent\" data-id=\"a04434d\" data-element_type=\"container\" data-settings=\"{&quot;premium_particles_zindex&quot;:0,&quot;premium_particles_responsive&quot;:[&quot;desktop&quot;,&quot;tablet&quot;,&quot;mobile&quot;]}\" data-core-v316-plus=\"true\">\n\t\t\t\t\t<div class=\"e-con-inner\">\n\t\t<div class=\"elementor-element elementor-element-cee94f5 e-con-full e-flex e-con e-child\" data-id=\"cee94f5\" data-element_type=\"container\" data-settings=\"{&quot;premium_particles_zindex&quot;:0,&quot;premium_particles_responsive&quot;:[&quot;desktop&quot;,&quot;tablet&quot;,&quot;mobile&quot;]}\">\n\t\t\t\t<div class=\"elementor-element elementor-element-983b840 dce_masking-none elementor-widget elementor-widget-video\" data-id=\"983b840\" data-element_type=\"widget\" data-settings=\"{&quot;video_type&quot;:&quot;vimeo&quot;}\" data-widget_type=\"video.default\">\n\t\t\t\t<div class=\"elementor-widget-container\">\n\t\t\t<style>\/*! elementor - v3.20.0 - 20-03-2024 *\/\n.elementor-widget-video .elementor-widget-container{overflow:hidden;transform:translateZ(0)}.elementor-widget-video .elementor-wrapper{aspect-ratio:var(--video-aspect-ratio)}.elementor-widget-video .elementor-wrapper iframe,.elementor-widget-video .elementor-wrapper video{height:100%;width:100%;display:flex;border:none;background-color:#000}@supports not (aspect-ratio:1\/1){.elementor-widget-video .elementor-wrapper{position:relative;overflow:hidden;height:0;padding-bottom:calc(100% \/ var(--video-aspect-ratio))}.elementor-widget-video .elementor-wrapper iframe,.elementor-widget-video .elementor-wrapper video{position:absolute;top:0;right:0;bottom:0;left:0}}.elementor-widget-video .elementor-open-inline .elementor-custom-embed-image-overlay{position:absolute;top:0;right:0;bottom:0;left:0;background-size:cover;background-position:50%}.elementor-widget-video .elementor-custom-embed-image-overlay{cursor:pointer;text-align:center}.elementor-widget-video .elementor-custom-embed-image-overlay:hover .elementor-custom-embed-play i{opacity:1}.elementor-widget-video .elementor-custom-embed-image-overlay img{display:block;width:100%;aspect-ratio:var(--video-aspect-ratio);-o-object-fit:cover;object-fit:cover;-o-object-position:center center;object-position:center center}@supports not (aspect-ratio:1\/1){.elementor-widget-video .elementor-custom-embed-image-overlay{position:relative;overflow:hidden;height:0;padding-bottom:calc(100% \/ var(--video-aspect-ratio))}.elementor-widget-video .elementor-custom-embed-image-overlay img{position:absolute;top:0;right:0;bottom:0;left:0}}.elementor-widget-video .e-hosted-video .elementor-video{-o-object-fit:cover;object-fit:cover}.e-con-inner>.elementor-widget-video,.e-con>.elementor-widget-video{width:var(--container-widget-width);--flex-grow:var(--container-widget-flex-grow)}<\/style>\t\t<div class=\"elementor-wrapper elementor-open-inline\">\n\t\t\t<iframe class=\"elementor-video-iframe\" allowfullscreen allow=\"clipboard-write\" title=\"Reprodutor de v\u00eddeo vimeo\" src=\"https:\/\/player.vimeo.com\/video\/895356224?color&amp;autopause=0&amp;loop=0&amp;muted=0&amp;title=1&amp;portrait=1&amp;byline=1#t=\"><\/iframe>\t\t<\/div>\n\t\t\t\t<\/div>\n\t\t\t\t<\/div>\n\t\t\t\t<\/div>\n\t\t<div class=\"elementor-element elementor-element-a4d56b9 e-con-full e-flex e-con e-child\" data-id=\"a4d56b9\" data-element_type=\"container\" data-settings=\"{&quot;premium_particles_zindex&quot;:0,&quot;premium_particles_responsive&quot;:[&quot;desktop&quot;,&quot;tablet&quot;,&quot;mobile&quot;]}\">\n\t\t\t\t<div class=\"elementor-element elementor-element-73333fc8 elementor-widget elementor-widget-text-editor\" data-id=\"73333fc8\" data-element_type=\"widget\" data-widget_type=\"text-editor.default\">\n\t\t\t\t<div class=\"elementor-widget-container\">\n\t\t\t<style>\/*! elementor - v3.20.0 - 20-03-2024 *\/\n.elementor-widget-text-editor.elementor-drop-cap-view-stacked .elementor-drop-cap{background-color:#69727d;color:#fff}.elementor-widget-text-editor.elementor-drop-cap-view-framed .elementor-drop-cap{color:#69727d;border:3px solid;background-color:transparent}.elementor-widget-text-editor:not(.elementor-drop-cap-view-default) .elementor-drop-cap{margin-top:8px}.elementor-widget-text-editor:not(.elementor-drop-cap-view-default) .elementor-drop-cap-letter{width:1em;height:1em}.elementor-widget-text-editor .elementor-drop-cap{float:left;text-align:center;line-height:1;font-size:50px}.elementor-widget-text-editor .elementor-drop-cap-letter{display:inline-block}<\/style>\t\t\t\t<p>A <strong>Escola Nacional de Per\u00edcias<\/strong> \u00e9 funda\u00e7\u00e3o institu\u00edda pela Associa\u00e7\u00e3o Nacional dos Peritos Criminais Federais em 11 de abril de 2022. Sua finalidade \u00e9 promover a difus\u00e3o do conhecimento das ci\u00eancias forenses bem como realizar pesquisas, atividades cient\u00edficas, culturais e sociais.<\/p><p>A Escola oferece uma ampla diversidade de a\u00e7\u00f5es de capacita\u00e7\u00e3o, sempre com cuidadoso conte\u00fado que traz os conceitos mais modernos das ci\u00eancias forenses. Seu corpo docente \u00e9 formado por profissionais renomados, com reconhecida experi\u00eancia profissional e ampla forma\u00e7\u00e3o acad\u00eamica.<\/p><p>A partir de 2023, a Escola Nacional de Per\u00edcias tamb\u00e9m passa a ser a realizadora da Interforensics, maior evento de ci\u00eancias forenses da Am\u00e9rica Latina.<\/p><p>Para o desenvolvimento de suas atividades, a Escola realiza parcerias e conv\u00eanios, possibilitando ampliar o alcance de suas a\u00e7\u00f5es, tanto na \u00e1rea de ensino como no desenvolvimento de pesquisas cient\u00edficas e promo\u00e7\u00e3o do fortalecimento das institui\u00e7\u00f5es afetas \u00e0s ci\u00eancias forenses.<\/p>\t\t\t\t\t\t<\/div>\n\t\t\t\t<\/div>\n\t\t\t\t<\/div>\n\t\t\t\t\t<\/div>\n\t\t\t\t<\/div>\n\t\t\t\t<\/div>\n\t\t","protected":false},"excerpt":{"rendered":"<p>A Escola Nacional de Per\u00edcias \u00e9 funda\u00e7\u00e3o institu\u00edda pela Associa\u00e7\u00e3o Nacional dos Peritos Criminais Federais em 11 de abril de 2022. Sua finalidade \u00e9 promover a difus\u00e3o do conhecimento das ci\u00eancias forenses bem como realizar pesquisas, atividades cient\u00edficas, culturais e sociais. A Escola oferece uma ampla diversidade de a\u00e7\u00f5es de capacita\u00e7\u00e3o, sempre com cuidadoso conte\u00fado [&hellip;]<\/p>\n","protected":false},"author":1,"featured_media":0,"parent":0,"menu_order":0,"comment_status":"closed","ping_status":"closed","template":"","meta":{"_acf_changed":false,"footnotes":""},"class_list":["post-228","page","type-page","status-publish","hentry"],"acf":[],"yoast_head":"<!-- This site is optimized with the Yoast SEO plugin v25.0 - https:\/\/yoast.com\/wordpress\/plugins\/seo\/ -->\n<title>A ESCOLA - Escola Nacional de Per\u00edcias<\/title>\n<meta name=\"robots\" content=\"index, follow, max-snippet:-1, max-image-preview:large, max-video-preview:-1\" \/>\n<link rel=\"canonical\" href=\"https:\/\/escolanacionaldepericias.org.br\/loja\/sobre\/\" \/>\n<meta property=\"og:locale\" content=\"pt_BR\" \/>\n<meta property=\"og:type\" content=\"article\" \/>\n<meta property=\"og:title\" content=\"A ESCOLA - Escola Nacional de Per\u00edcias\" \/>\n<meta property=\"og:description\" content=\"A Escola Nacional de Per\u00edcias \u00e9 funda\u00e7\u00e3o institu\u00edda pela Associa\u00e7\u00e3o Nacional dos Peritos Criminais Federais em 11 de abril de 2022. Sua finalidade \u00e9 promover a difus\u00e3o do conhecimento das ci\u00eancias forenses bem como realizar pesquisas, atividades cient\u00edficas, culturais e sociais. A Escola oferece uma ampla diversidade de a\u00e7\u00f5es de capacita\u00e7\u00e3o, sempre com cuidadoso conte\u00fado [&hellip;]\" \/>\n<meta property=\"og:url\" content=\"https:\/\/escolanacionaldepericias.org.br\/loja\/sobre\/\" \/>\n<meta property=\"og:site_name\" content=\"Escola Nacional de Per\u00edcias\" \/>\n<meta property=\"article:modified_time\" content=\"2024-03-16T08:11:23+00:00\" \/>\n<meta name=\"twitter:card\" content=\"summary_large_image\" \/>\n<meta name=\"twitter:label1\" content=\"Est. tempo de leitura\" \/>\n\t<meta name=\"twitter:data1\" content=\"1 minuto\" \/>\n<script type=\"application\/ld+json\" class=\"yoast-schema-graph\">{\"@context\":\"https:\/\/schema.org\",\"@graph\":[{\"@type\":\"WebPage\",\"@id\":\"https:\/\/escolanacionaldepericias.org.br\/loja\/sobre\/\",\"url\":\"https:\/\/escolanacionaldepericias.org.br\/loja\/sobre\/\",\"name\":\"A ESCOLA - Escola Nacional de Per\u00edcias\",\"isPartOf\":{\"@id\":\"https:\/\/escolanacionaldepericias.org.br\/loja\/#website\"},\"datePublished\":\"2024-02-22T12:36:40+00:00\",\"dateModified\":\"2024-03-16T08:11:23+00:00\",\"breadcrumb\":{\"@id\":\"https:\/\/escolanacionaldepericias.org.br\/loja\/sobre\/#breadcrumb\"},\"inLanguage\":\"pt-BR\",\"potentialAction\":[{\"@type\":\"ReadAction\",\"target\":[\"https:\/\/escolanacionaldepericias.org.br\/loja\/sobre\/\"]}]},{\"@type\":\"BreadcrumbList\",\"@id\":\"https:\/\/escolanacionaldepericias.org.br\/loja\/sobre\/#breadcrumb\",\"itemListElement\":[{\"@type\":\"ListItem\",\"position\":1,\"name\":\"In\u00edcio\",\"item\":\"https:\/\/escolanacionaldepericias.org.br\/loja\/\"},{\"@type\":\"ListItem\",\"position\":2,\"name\":\"A ESCOLA\"}]},{\"@type\":\"WebSite\",\"@id\":\"https:\/\/escolanacionaldepericias.org.br\/loja\/#website\",\"url\":\"https:\/\/escolanacionaldepericias.org.br\/loja\/\",\"name\":\"Escola Nacional de Per\u00edcias\",\"description\":\"\",\"publisher\":{\"@id\":\"https:\/\/escolanacionaldepericias.org.br\/loja\/#organization\"},\"potentialAction\":[{\"@type\":\"SearchAction\",\"target\":{\"@type\":\"EntryPoint\",\"urlTemplate\":\"https:\/\/escolanacionaldepericias.org.br\/loja\/?s={search_term_string}\"},\"query-input\":{\"@type\":\"PropertyValueSpecification\",\"valueRequired\":true,\"valueName\":\"search_term_string\"}}],\"inLanguage\":\"pt-BR\"},{\"@type\":\"Organization\",\"@id\":\"https:\/\/escolanacionaldepericias.org.br\/loja\/#organization\",\"name\":\"Escola Nacional de Per\u00edcias\",\"url\":\"https:\/\/escolanacionaldepericias.org.br\/loja\/\",\"logo\":{\"@type\":\"ImageObject\",\"inLanguage\":\"pt-BR\",\"@id\":\"https:\/\/escolanacionaldepericias.org.br\/loja\/#\/schema\/logo\/image\/\",\"url\":\"https:\/\/escolanacionaldepericias.org.br\/loja\/wp-content\/uploads\/2024\/02\/logohorizonte.png\",\"contentUrl\":\"https:\/\/escolanacionaldepericias.org.br\/loja\/wp-content\/uploads\/2024\/02\/logohorizonte.png\",\"width\":708,\"height\":352,\"caption\":\"Escola Nacional de Per\u00edcias\"},\"image\":{\"@id\":\"https:\/\/escolanacionaldepericias.org.br\/loja\/#\/schema\/logo\/image\/\"}}]}<\/script>\n<!-- \/ Yoast SEO plugin. -->","yoast_head_json":{"title":"A ESCOLA - Escola Nacional de Per\u00edcias","robots":{"index":"index","follow":"follow","max-snippet":"max-snippet:-1","max-image-preview":"max-image-preview:large","max-video-preview":"max-video-preview:-1"},"canonical":"https:\/\/escolanacionaldepericias.org.br\/loja\/sobre\/","og_locale":"pt_BR","og_type":"article","og_title":"A ESCOLA - Escola Nacional de Per\u00edcias","og_description":"A Escola Nacional de Per\u00edcias \u00e9 funda\u00e7\u00e3o institu\u00edda pela Associa\u00e7\u00e3o Nacional dos Peritos Criminais Federais em 11 de abril de 2022. Sua finalidade \u00e9 promover a difus\u00e3o do conhecimento das ci\u00eancias forenses bem como realizar pesquisas, atividades cient\u00edficas, culturais e sociais. A Escola oferece uma ampla diversidade de a\u00e7\u00f5es de capacita\u00e7\u00e3o, sempre com cuidadoso conte\u00fado [&hellip;]","og_url":"https:\/\/escolanacionaldepericias.org.br\/loja\/sobre\/","og_site_name":"Escola Nacional de Per\u00edcias","article_modified_time":"2024-03-16T08:11:23+00:00","twitter_card":"summary_large_image","twitter_misc":{"Est. tempo de leitura":"1 minuto"},"schema":{"@context":"https:\/\/schema.org","@graph":[{"@type":"WebPage","@id":"https:\/\/escolanacionaldepericias.org.br\/loja\/sobre\/","url":"https:\/\/escolanacionaldepericias.org.br\/loja\/sobre\/","name":"A ESCOLA - Escola Nacional de Per\u00edcias","isPartOf":{"@id":"https:\/\/escolanacionaldepericias.org.br\/loja\/#website"},"datePublished":"2024-02-22T12:36:40+00:00","dateModified":"2024-03-16T08:11:23+00:00","breadcrumb":{"@id":"https:\/\/escolanacionaldepericias.org.br\/loja\/sobre\/#breadcrumb"},"inLanguage":"pt-BR","potentialAction":[{"@type":"ReadAction","target":["https:\/\/escolanacionaldepericias.org.br\/loja\/sobre\/"]}]},{"@type":"BreadcrumbList","@id":"https:\/\/escolanacionaldepericias.org.br\/loja\/sobre\/#breadcrumb","itemListElement":[{"@type":"ListItem","position":1,"name":"In\u00edcio","item":"https:\/\/escolanacionaldepericias.org.br\/loja\/"},{"@type":"ListItem","position":2,"name":"A ESCOLA"}]},{"@type":"WebSite","@id":"https:\/\/escolanacionaldepericias.org.br\/loja\/#website","url":"https:\/\/escolanacionaldepericias.org.br\/loja\/","name":"Escola Nacional de Per\u00edcias","description":"","publisher":{"@id":"https:\/\/escolanacionaldepericias.org.br\/loja\/#organization"},"potentialAction":[{"@type":"SearchAction","target":{"@type":"EntryPoint","urlTemplate":"https:\/\/escolanacionaldepericias.org.br\/loja\/?s={search_term_string}"},"query-input":{"@type":"PropertyValueSpecification","valueRequired":true,"valueName":"search_term_string"}}],"inLanguage":"pt-BR"},{"@type":"Organization","@id":"https:\/\/escolanacionaldepericias.org.br\/loja\/#organization","name":"Escola Nacional de Per\u00edcias","url":"https:\/\/escolanacionaldepericias.org.br\/loja\/","logo":{"@type":"ImageObject","inLanguage":"pt-BR","@id":"https:\/\/escolanacionaldepericias.org.br\/loja\/#\/schema\/logo\/image\/","url":"https:\/\/escolanacionaldepericias.org.br\/loja\/wp-content\/uploads\/2024\/02\/logohorizonte.png","contentUrl":"https:\/\/escolanacionaldepericias.org.br\/loja\/wp-content\/uploads\/2024\/02\/logohorizonte.png","width":708,"height":352,"caption":"Escola Nacional de Per\u00edcias"},"image":{"@id":"https:\/\/escolanacionaldepericias.org.br\/loja\/#\/schema\/logo\/image\/"}}]}},"_links":{"self":[{"href":"https:\/\/escolanacionaldepericias.org.br\/loja\/wp-json\/wp\/v2\/pages\/228","targetHints":{"allow":["GET"]}}],"collection":[{"href":"https:\/\/escolanacionaldepericias.org.br\/loja\/wp-json\/wp\/v2\/pages"}],"about":[{"href":"https:\/\/escolanacionaldepericias.org.br\/loja\/wp-json\/wp\/v2\/types\/page"}],"author":[{"embeddable":true,"href":"https:\/\/escolanacionaldepericias.org.br\/loja\/wp-json\/wp\/v2\/users\/1"}],"replies":[{"embeddable":true,"href":"https:\/\/escolanacionaldepericias.org.br\/loja\/wp-json\/wp\/v2\/comments?post=228"}],"version-history":[{"count":10,"href":"https:\/\/escolanacionaldepericias.org.br\/loja\/wp-json\/wp\/v2\/pages\/228\/revisions"}],"predecessor-version":[{"id":420,"href":"https:\/\/escolanacionaldepericias.org.br\/loja\/wp-json\/wp\/v2\/pages\/228\/revisions\/420"}],"wp:attachment":[{"href":"https:\/\/escolanacionaldepericias.org.br\/loja\/wp-json\/wp\/v2\/media?parent=228"}],"curies":[{"name":"wp","href":"https:\/\/api.w.org\/{rel}","templated":true}]}}