{"id":11,"date":"2024-03-16T05:18:01","date_gmt":"2024-03-16T08:18:01","guid":{"rendered":"https:\/\/escolanacionaldepericias.org.br\/loja\/?page_id=11"},"modified":"2024-03-19T09:27:37","modified_gmt":"2024-03-19T12:27:37","slug":"reembolso_devolucoes","status":"publish","type":"page","link":"https:\/\/escolanacionaldepericias.org.br\/loja\/reembolso_devolucoes\/","title":{"rendered":"POL\u00cdTICA DOS CURSOS"},"content":{"rendered":"\t\t<div data-elementor-type=\"wp-page\" data-elementor-id=\"11\" class=\"elementor elementor-11\" data-elementor-settings=\"{&quot;premium_particles_zindex&quot;:0,&quot;premium_particles_responsive&quot;:[&quot;desktop&quot;,&quot;tablet&quot;,&quot;mobile&quot;]}\" data-elementor-post-type=\"page\">\n\t\t\t\t<div class=\"elementor-element elementor-element-659cb12b e-flex e-con-boxed e-con e-parent\" data-id=\"659cb12b\" data-element_type=\"container\" data-settings=\"{&quot;premium_particles_zindex&quot;:0,&quot;premium_particles_responsive&quot;:[&quot;desktop&quot;,&quot;tablet&quot;,&quot;mobile&quot;]}\" data-core-v316-plus=\"true\">\n\t\t\t\t\t<div class=\"e-con-inner\">\n\t\t\t\t<div class=\"elementor-element elementor-element-324e200f elementor-widget elementor-widget-text-editor\" data-id=\"324e200f\" data-element_type=\"widget\" data-widget_type=\"text-editor.default\">\n\t\t\t\t<div class=\"elementor-widget-container\">\n\t\t\t<style>\/*! elementor - v3.20.0 - 20-03-2024 *\/\n.elementor-widget-text-editor.elementor-drop-cap-view-stacked .elementor-drop-cap{background-color:#69727d;color:#fff}.elementor-widget-text-editor.elementor-drop-cap-view-framed .elementor-drop-cap{color:#69727d;border:3px solid;background-color:transparent}.elementor-widget-text-editor:not(.elementor-drop-cap-view-default) .elementor-drop-cap{margin-top:8px}.elementor-widget-text-editor:not(.elementor-drop-cap-view-default) .elementor-drop-cap-letter{width:1em;height:1em}.elementor-widget-text-editor .elementor-drop-cap{float:left;text-align:center;line-height:1;font-size:50px}.elementor-widget-text-editor .elementor-drop-cap-letter{display:inline-block}<\/style>\t\t\t\t<p><!-- wp:paragraph --><\/p>\n<div style=\"text-align: justify;\">\n<p>Inscri\u00e7\u00f5es feitas atrav\u00e9s de cart\u00e3o de cr\u00e9dito somente ser\u00e3o efetivadas ap\u00f3s a confirma\u00e7\u00e3o do pagamento atrav\u00e9s da operadora do cart\u00e3o.<\/p>\n<p><strong>BOLETO BANC\u00c1RIO<\/strong><br>Ter\u00e1 vencimento dois dias ap\u00f3s a inscri\u00e7\u00e3o realizada no site. Ap\u00f3s este prazo o boleto ser\u00e1 automaticamente cancelado. O n\u00e3o pagamento acarretar\u00e1 na emiss\u00e3o de um novo boleto com valor atualizado. Para obter um boleto atualizado \u00e9 necess\u00e1rio entrar no site do congresso e emit\u00ed-lo novamente, com login e senha cadastrados no momento da inscri\u00e7\u00e3o.<\/p>\n<p><strong>IMPORTANTE<\/strong>: OS VALORES DE INSCRI\u00c7\u00c3O VALEM AT\u00c9 AS 23H DO DIA DE CADA VENCIMENTO. BOLETOS EMITIDOS NO \u00daLTIMO DIA DOS VALORES TABELADOS, TER\u00c3O VENCIMENTO PARA O MESMO DIA.<\/p>\n<p><strong>CONFIRMA\u00c7\u00c3O DE INSCRI\u00c7\u00c3O<\/strong><br>A inscri\u00e7\u00e3o somente ser\u00e1 efetivada ap\u00f3s a confirma\u00e7\u00e3o do pagamento.<\/p>\n<p><strong>CANCELAMENTO E TRANSFER\u00caNCIA DE INSCRI\u00c7\u00c3O<\/strong><br>Conforme a pol\u00edtica de cancelamento, o prazo para desist\u00eancia e reembolso integral do valor pago \u00e9 de at\u00e9 07 dias ap\u00f3s a compra, e dever\u00e1 ser formulada mediante e-mail enviado para financeiro@escolanacionaldepericias.org.br. Ap\u00f3s este prazo, n\u00e3o haver\u00e1 cancelamento somente troca de titularidade.<\/p>\n<p>A titularidade poder\u00e1 ser transferida at\u00e9 90 dias antes do evento, mediante solicita\u00e7\u00e3o por escrito atrav\u00e9s do e-mail interforensics@attpromo.com.br. Solicite ao benefici\u00e1rio que ir\u00e1 receber sua inscri\u00e7\u00e3o, que fa\u00e7a o cadastro no Congresso, na mesma categoria de inscri\u00e7\u00e3o para receber a transfer\u00eancia, e na mensagem coloque que deseja solicitar a transfer\u00eancia informando o nome completo e o CPF do benefici\u00e1rio que ir\u00e1 receber sua inscri\u00e7\u00e3o.<\/p>\n<p><strong>Pol\u00edtica dos Cursos<\/strong><\/p>\n<p><strong>Cursos exclusivamente ao vivo<\/strong>: Nossos cursos s\u00e3o realizados somente ao vivo, nos finais de semana, sem grava\u00e7\u00f5es. Essa \u00e9 uma forma de garantir uma intera\u00e7\u00e3o mais din\u00e2mica e efetiva entre instrutores e alunos.<br><strong>Presen\u00e7a ativa e dedicada<\/strong>: Para aproveitar ao m\u00e1ximo o curso, \u00e9 essencial estar presente e atento durante as aulas ao vivo. Assim, voc\u00ea pode tirar d\u00favidas em tempo real, esclarecer conceitos e participar de debates.<br><strong>Aprendizado e progresso<\/strong>: Ao participar dos cursos ao vivo, voc\u00ea demonstra o seu interesse e compromisso com o seu aprendizado e desenvolvimento profissional. Faltar \u00e0s aulas pode prejudicar o seu desempenho.<br><strong>Sem grava\u00e7\u00f5es<\/strong>: As aulas da ENP n\u00e3o s\u00e3o gravadas, pois h\u00e1 um cuidado muito grande com a seguran\u00e7a das informa\u00e7\u00f5es que s\u00e3o compartilhadas com os alunos. Afinal, estamos tratando de conhecimentos, t\u00e9cnicas e ferramentas de per\u00edcia oficial.<br><strong>Pol\u00edtica de reembolsos<\/strong>: Sabemos que imprevistos podem acontecer. Em situa\u00e7\u00f5es excepcionais, entre em contato conosco com anteced\u00eancia para avaliarmos poss\u00edveis alternativas, como a transfer\u00eancia para uma pr\u00f3xima turma ou o reembolso do valor do curso.<br>Contamos com a sua colabora\u00e7\u00e3o e compreens\u00e3o para assegurar uma experi\u00eancia de aprendizado de qualidade. Estamos empenhados em proporcionar um ambiente educacional de excel\u00eancia e a sua participa\u00e7\u00e3o ativa \u00e9 muito importante para alcan\u00e7armos esse prop\u00f3sito.<br><span style=\"color: var( --e-global-color-text ); font-family: var( --e-global-typography-text-font-family ), Sans-serif; font-weight: var( --e-global-typography-text-font-weight ); font-size: 1rem;\"><br>Se voc\u00ea tiver alguma d\u00favida ou precisar de assist\u00eancia adicional, n\u00e3o hesite em entrar em contato conosco pelo <br>e-mail <\/span><a href=\"mailto:atendimento@escolanacionaldepericias.org.br\" style=\"font-family: var( --e-global-typography-text-font-family ), Sans-serif; font-weight: var( --e-global-typography-text-font-weight ); background-color: rgb(255, 255, 255); font-size: 1rem;\">atendimento@escolanacionaldepericias.org.br<\/a><span style=\"color: var( --e-global-color-text ); font-family: var( --e-global-typography-text-font-family ), Sans-serif; font-weight: var( --e-global-typography-text-font-weight ); font-size: 1rem;\">.<\/span><\/p>\n<\/div>\n<p><!-- \/wp:paragraph --><\/p>\t\t\t\t\t\t<\/div>\n\t\t\t\t<\/div>\n\t\t\t\t\t<\/div>\n\t\t\t\t<\/div>\n\t\t\t\t<\/div>\n\t\t","protected":false},"excerpt":{"rendered":"<p>Inscri\u00e7\u00f5es feitas atrav\u00e9s de cart\u00e3o de cr\u00e9dito somente ser\u00e3o efetivadas ap\u00f3s a confirma\u00e7\u00e3o do pagamento atrav\u00e9s da operadora do cart\u00e3o. BOLETO BANC\u00c1RIOTer\u00e1 vencimento dois dias ap\u00f3s a inscri\u00e7\u00e3o realizada no site. Ap\u00f3s este prazo o boleto ser\u00e1 automaticamente cancelado. O n\u00e3o pagamento acarretar\u00e1 na emiss\u00e3o de um novo boleto com valor atualizado. Para obter um [&hellip;]<\/p>\n","protected":false},"author":1,"featured_media":0,"parent":0,"menu_order":0,"comment_status":"closed","ping_status":"closed","template":"","meta":{"_acf_changed":false,"footnotes":""},"class_list":["post-11","page","type-page","status-publish","hentry"],"acf":[],"yoast_head":"<!-- This site is optimized with the Yoast SEO plugin v25.0 - https:\/\/yoast.com\/wordpress\/plugins\/seo\/ -->\n<title>POL\u00cdTICA DOS CURSOS - Escola Nacional de Per\u00edcias<\/title>\n<meta name=\"robots\" content=\"index, follow, max-snippet:-1, max-image-preview:large, max-video-preview:-1\" \/>\n<link rel=\"canonical\" href=\"https:\/\/escolanacionaldepericias.org.br\/loja\/reembolso_devolucoes\/\" \/>\n<meta property=\"og:locale\" content=\"pt_BR\" \/>\n<meta property=\"og:type\" content=\"article\" \/>\n<meta property=\"og:title\" content=\"POL\u00cdTICA DOS CURSOS - Escola Nacional de Per\u00edcias\" \/>\n<meta property=\"og:description\" content=\"Inscri\u00e7\u00f5es feitas atrav\u00e9s de cart\u00e3o de cr\u00e9dito somente ser\u00e3o efetivadas ap\u00f3s a confirma\u00e7\u00e3o do pagamento atrav\u00e9s da operadora do cart\u00e3o. BOLETO BANC\u00c1RIOTer\u00e1 vencimento dois dias ap\u00f3s a inscri\u00e7\u00e3o realizada no site. Ap\u00f3s este prazo o boleto ser\u00e1 automaticamente cancelado. O n\u00e3o pagamento acarretar\u00e1 na emiss\u00e3o de um novo boleto com valor atualizado. Para obter um [&hellip;]\" \/>\n<meta property=\"og:url\" content=\"https:\/\/escolanacionaldepericias.org.br\/loja\/reembolso_devolucoes\/\" \/>\n<meta property=\"og:site_name\" content=\"Escola Nacional de Per\u00edcias\" \/>\n<meta property=\"article:modified_time\" content=\"2024-03-19T12:27:37+00:00\" \/>\n<meta name=\"twitter:card\" content=\"summary_large_image\" \/>\n<meta name=\"twitter:label1\" content=\"Est. tempo de leitura\" \/>\n\t<meta name=\"twitter:data1\" content=\"3 minutos\" \/>\n<script type=\"application\/ld+json\" class=\"yoast-schema-graph\">{\"@context\":\"https:\/\/schema.org\",\"@graph\":[{\"@type\":\"WebPage\",\"@id\":\"https:\/\/escolanacionaldepericias.org.br\/loja\/reembolso_devolucoes\/\",\"url\":\"https:\/\/escolanacionaldepericias.org.br\/loja\/reembolso_devolucoes\/\",\"name\":\"POL\u00cdTICA DOS CURSOS - Escola Nacional de Per\u00edcias\",\"isPartOf\":{\"@id\":\"https:\/\/escolanacionaldepericias.org.br\/loja\/#website\"},\"datePublished\":\"2024-03-16T08:18:01+00:00\",\"dateModified\":\"2024-03-19T12:27:37+00:00\",\"breadcrumb\":{\"@id\":\"https:\/\/escolanacionaldepericias.org.br\/loja\/reembolso_devolucoes\/#breadcrumb\"},\"inLanguage\":\"pt-BR\",\"potentialAction\":[{\"@type\":\"ReadAction\",\"target\":[\"https:\/\/escolanacionaldepericias.org.br\/loja\/reembolso_devolucoes\/\"]}]},{\"@type\":\"BreadcrumbList\",\"@id\":\"https:\/\/escolanacionaldepericias.org.br\/loja\/reembolso_devolucoes\/#breadcrumb\",\"itemListElement\":[{\"@type\":\"ListItem\",\"position\":1,\"name\":\"In\u00edcio\",\"item\":\"https:\/\/escolanacionaldepericias.org.br\/loja\/\"},{\"@type\":\"ListItem\",\"position\":2,\"name\":\"POL\u00cdTICA DOS CURSOS\"}]},{\"@type\":\"WebSite\",\"@id\":\"https:\/\/escolanacionaldepericias.org.br\/loja\/#website\",\"url\":\"https:\/\/escolanacionaldepericias.org.br\/loja\/\",\"name\":\"Escola Nacional de Per\u00edcias\",\"description\":\"\",\"publisher\":{\"@id\":\"https:\/\/escolanacionaldepericias.org.br\/loja\/#organization\"},\"potentialAction\":[{\"@type\":\"SearchAction\",\"target\":{\"@type\":\"EntryPoint\",\"urlTemplate\":\"https:\/\/escolanacionaldepericias.org.br\/loja\/?s={search_term_string}\"},\"query-input\":{\"@type\":\"PropertyValueSpecification\",\"valueRequired\":true,\"valueName\":\"search_term_string\"}}],\"inLanguage\":\"pt-BR\"},{\"@type\":\"Organization\",\"@id\":\"https:\/\/escolanacionaldepericias.org.br\/loja\/#organization\",\"name\":\"Escola Nacional de Per\u00edcias\",\"url\":\"https:\/\/escolanacionaldepericias.org.br\/loja\/\",\"logo\":{\"@type\":\"ImageObject\",\"inLanguage\":\"pt-BR\",\"@id\":\"https:\/\/escolanacionaldepericias.org.br\/loja\/#\/schema\/logo\/image\/\",\"url\":\"https:\/\/escolanacionaldepericias.org.br\/loja\/wp-content\/uploads\/2024\/02\/logohorizonte.png\",\"contentUrl\":\"https:\/\/escolanacionaldepericias.org.br\/loja\/wp-content\/uploads\/2024\/02\/logohorizonte.png\",\"width\":708,\"height\":352,\"caption\":\"Escola Nacional de Per\u00edcias\"},\"image\":{\"@id\":\"https:\/\/escolanacionaldepericias.org.br\/loja\/#\/schema\/logo\/image\/\"}}]}<\/script>\n<!-- \/ Yoast SEO plugin. -->","yoast_head_json":{"title":"POL\u00cdTICA DOS CURSOS - Escola Nacional de Per\u00edcias","robots":{"index":"index","follow":"follow","max-snippet":"max-snippet:-1","max-image-preview":"max-image-preview:large","max-video-preview":"max-video-preview:-1"},"canonical":"https:\/\/escolanacionaldepericias.org.br\/loja\/reembolso_devolucoes\/","og_locale":"pt_BR","og_type":"article","og_title":"POL\u00cdTICA DOS CURSOS - Escola Nacional de Per\u00edcias","og_description":"Inscri\u00e7\u00f5es feitas atrav\u00e9s de cart\u00e3o de cr\u00e9dito somente ser\u00e3o efetivadas ap\u00f3s a confirma\u00e7\u00e3o do pagamento atrav\u00e9s da operadora do cart\u00e3o. BOLETO BANC\u00c1RIOTer\u00e1 vencimento dois dias ap\u00f3s a inscri\u00e7\u00e3o realizada no site. Ap\u00f3s este prazo o boleto ser\u00e1 automaticamente cancelado. O n\u00e3o pagamento acarretar\u00e1 na emiss\u00e3o de um novo boleto com valor atualizado. Para obter um [&hellip;]","og_url":"https:\/\/escolanacionaldepericias.org.br\/loja\/reembolso_devolucoes\/","og_site_name":"Escola Nacional de Per\u00edcias","article_modified_time":"2024-03-19T12:27:37+00:00","twitter_card":"summary_large_image","twitter_misc":{"Est. tempo de leitura":"3 minutos"},"schema":{"@context":"https:\/\/schema.org","@graph":[{"@type":"WebPage","@id":"https:\/\/escolanacionaldepericias.org.br\/loja\/reembolso_devolucoes\/","url":"https:\/\/escolanacionaldepericias.org.br\/loja\/reembolso_devolucoes\/","name":"POL\u00cdTICA DOS CURSOS - Escola Nacional de Per\u00edcias","isPartOf":{"@id":"https:\/\/escolanacionaldepericias.org.br\/loja\/#website"},"datePublished":"2024-03-16T08:18:01+00:00","dateModified":"2024-03-19T12:27:37+00:00","breadcrumb":{"@id":"https:\/\/escolanacionaldepericias.org.br\/loja\/reembolso_devolucoes\/#breadcrumb"},"inLanguage":"pt-BR","potentialAction":[{"@type":"ReadAction","target":["https:\/\/escolanacionaldepericias.org.br\/loja\/reembolso_devolucoes\/"]}]},{"@type":"BreadcrumbList","@id":"https:\/\/escolanacionaldepericias.org.br\/loja\/reembolso_devolucoes\/#breadcrumb","itemListElement":[{"@type":"ListItem","position":1,"name":"In\u00edcio","item":"https:\/\/escolanacionaldepericias.org.br\/loja\/"},{"@type":"ListItem","position":2,"name":"POL\u00cdTICA DOS CURSOS"}]},{"@type":"WebSite","@id":"https:\/\/escolanacionaldepericias.org.br\/loja\/#website","url":"https:\/\/escolanacionaldepericias.org.br\/loja\/","name":"Escola Nacional de Per\u00edcias","description":"","publisher":{"@id":"https:\/\/escolanacionaldepericias.org.br\/loja\/#organization"},"potentialAction":[{"@type":"SearchAction","target":{"@type":"EntryPoint","urlTemplate":"https:\/\/escolanacionaldepericias.org.br\/loja\/?s={search_term_string}"},"query-input":{"@type":"PropertyValueSpecification","valueRequired":true,"valueName":"search_term_string"}}],"inLanguage":"pt-BR"},{"@type":"Organization","@id":"https:\/\/escolanacionaldepericias.org.br\/loja\/#organization","name":"Escola Nacional de Per\u00edcias","url":"https:\/\/escolanacionaldepericias.org.br\/loja\/","logo":{"@type":"ImageObject","inLanguage":"pt-BR","@id":"https:\/\/escolanacionaldepericias.org.br\/loja\/#\/schema\/logo\/image\/","url":"https:\/\/escolanacionaldepericias.org.br\/loja\/wp-content\/uploads\/2024\/02\/logohorizonte.png","contentUrl":"https:\/\/escolanacionaldepericias.org.br\/loja\/wp-content\/uploads\/2024\/02\/logohorizonte.png","width":708,"height":352,"caption":"Escola Nacional de Per\u00edcias"},"image":{"@id":"https:\/\/escolanacionaldepericias.org.br\/loja\/#\/schema\/logo\/image\/"}}]}},"_links":{"self":[{"href":"https:\/\/escolanacionaldepericias.org.br\/loja\/wp-json\/wp\/v2\/pages\/11","targetHints":{"allow":["GET"]}}],"collection":[{"href":"https:\/\/escolanacionaldepericias.org.br\/loja\/wp-json\/wp\/v2\/pages"}],"about":[{"href":"https:\/\/escolanacionaldepericias.org.br\/loja\/wp-json\/wp\/v2\/types\/page"}],"author":[{"embeddable":true,"href":"https:\/\/escolanacionaldepericias.org.br\/loja\/wp-json\/wp\/v2\/users\/1"}],"replies":[{"embeddable":true,"href":"https:\/\/escolanacionaldepericias.org.br\/loja\/wp-json\/wp\/v2\/comments?post=11"}],"version-history":[{"count":9,"href":"https:\/\/escolanacionaldepericias.org.br\/loja\/wp-json\/wp\/v2\/pages\/11\/revisions"}],"predecessor-version":[{"id":440,"href":"https:\/\/escolanacionaldepericias.org.br\/loja\/wp-json\/wp\/v2\/pages\/11\/revisions\/440"}],"wp:attachment":[{"href":"https:\/\/escolanacionaldepericias.org.br\/loja\/wp-json\/wp\/v2\/media?parent=11"}],"curies":[{"name":"wp","href":"https:\/\/api.w.org\/{rel}","templated":true}]}}